{"id":1790,"date":"2022-01-30T22:24:27","date_gmt":"2022-01-30T21:24:27","guid":{"rendered":"https:\/\/www.bpconsultancy.cz\/cost-management\/"},"modified":"2022-04-05T11:14:33","modified_gmt":"2022-04-05T09:14:33","slug":"cost-management","status":"publish","type":"page","link":"https:\/\/www.bpconsultancy.cz\/en\/cost-management\/","title":{"rendered":"Cost Management"},"content":{"rendered":"\t\t<div data-elementor-type=\"wp-page\" data-elementor-id=\"1790\" class=\"elementor elementor-1790\" data-elementor-settings=\"[]\">\n\t\t\t\t\t\t\t<div class=\"elementor-section-wrap\">\n\t\t\t\t\t\t\t<section class=\"elementor-section elementor-top-section elementor-element elementor-element-bc2ea25 elementor-section-full_width elementor-section-height-min-height elementor-section-height-default elementor-section-items-middle\" data-id=\"bc2ea25\" data-element_type=\"section\" data-settings=\"{&quot;background_background&quot;:&quot;classic&quot;}\">\n\t\t\t\t\t\t<div class=\"elementor-container elementor-column-gap-no\">\n\t\t\t\t\t<div class=\"elementor-column elementor-col-100 elementor-top-column elementor-element elementor-element-369754cf\" data-id=\"369754cf\" data-element_type=\"column\">\n\t\t\t<div class=\"elementor-widget-wrap\">\n\t\t\t\t\t\t\t\t\t<\/div>\n\t\t<\/div>\n\t\t\t\t\t\t\t<\/div>\n\t\t<\/section>\n\t\t\t\t<section class=\"elementor-section elementor-top-section elementor-element elementor-element-1470a09d elementor-section-boxed elementor-section-height-default elementor-section-height-default\" data-id=\"1470a09d\" data-element_type=\"section\">\n\t\t\t\t\t\t<div class=\"elementor-container elementor-column-gap-wider\">\n\t\t\t\t\t<div class=\"elementor-column elementor-col-50 elementor-top-column elementor-element elementor-element-11c7cfc2\" data-id=\"11c7cfc2\" data-element_type=\"column\">\n\t\t\t<div class=\"elementor-widget-wrap elementor-element-populated\">\n\t\t\t\t\t\t\t\t<div class=\"elementor-element elementor-element-645d84d3 elementor-widget elementor-widget-heading\" data-id=\"645d84d3\" data-element_type=\"widget\" data-widget_type=\"heading.default\">\n\t\t\t\t<div class=\"elementor-widget-container\">\n\t\t\t<h1 class=\"elementor-heading-title elementor-size-default\">Cost Management<\/h1>\t\t<\/div>\n\t\t\t\t<\/div>\n\t\t\t\t<div class=\"elementor-element elementor-element-79440158 elementor-widget elementor-widget-text-editor\" data-id=\"79440158\" data-element_type=\"widget\" data-widget_type=\"text-editor.default\">\n\t\t\t\t<div class=\"elementor-widget-container\">\n\t\t\t\t\t\t\t<p>Cost Management is our key activity. <span class=\"VIiyi\" lang=\"en\"><span class=\"JLqJ4b ChMk0b\" data-language-for-alternatives=\"en\" data-language-to-translate-into=\"cs\" data-phrase-index=\"0\" data-number-of-phrases=\"1\">In the early stages of the project, Cost Management helps to set the correct investment value through the price calculations and estimates (so-called Cost Plan). W<\/span><\/span><span class=\"VIiyi\" lang=\"en\"><span class=\"JLqJ4b ChMk0b\" data-language-for-alternatives=\"en\" data-language-to-translate-into=\"cs\" data-phrase-index=\"0\" data-number-of-phrases=\"1\">e will bring the project in the preliminary phase to greater profitability for the client together with the value engineering and design management.<\/span><\/span><\/p><p style=\"margin: 0cm;\">&#8211; Feasibility study<\/p><p style=\"margin: 0cm;\"><span data-language-for-alternatives=\"en\" data-language-to-translate-into=\"cs\" data-phrase-index=\"2\" data-number-of-phrases=\"13\">&#8211; Cost estimates of construction costs<\/span><\/p><p style=\"margin: 0cm;\"><span data-language-for-alternatives=\"en\" data-language-to-translate-into=\"cs\" data-phrase-index=\"4\" data-number-of-phrases=\"13\">&#8211; Cost estimates and controls of the impact of changes on construction costs<\/span><\/p><p style=\"margin: 0cm;\"><span data-language-for-alternatives=\"en\" data-language-to-translate-into=\"cs\" data-phrase-index=\"6\" data-number-of-phrases=\"13\">&#8211; Construction contractor invoicing control<\/span><\/p><p style=\"margin: 0cm;\"><span data-language-for-alternatives=\"en\" data-language-to-translate-into=\"cs\" data-phrase-index=\"8\" data-number-of-phrases=\"13\">&#8211; Project cost optimization (value engineering)<\/span><\/p><p style=\"margin: 0cm;\"><span data-language-for-alternatives=\"en\" data-language-to-translate-into=\"cs\" data-phrase-index=\"10\" data-number-of-phrases=\"13\">&#8211; Management of the project changes<\/span><\/p><p style=\"margin: 0cm;\"><span data-language-for-alternatives=\"en\" data-language-to-translate-into=\"cs\" data-phrase-index=\"12\" data-number-of-phrases=\"13\">&#8211; Final invoicing\u00a0of the project<\/span><\/p>\t\t\t\t\t\t<\/div>\n\t\t\t\t<\/div>\n\t\t\t\t\t<\/div>\n\t\t<\/div>\n\t\t\t\t<div class=\"elementor-column elementor-col-50 elementor-top-column elementor-element elementor-element-7c3c708\" data-id=\"7c3c708\" data-element_type=\"column\" data-settings=\"{&quot;background_background&quot;:&quot;classic&quot;}\">\n\t\t\t<div class=\"elementor-widget-wrap elementor-element-populated\">\n\t\t\t\t\t\t\t\t<section class=\"elementor-section elementor-inner-section elementor-element elementor-element-ff97bf9 elementor-section-boxed elementor-section-height-default elementor-section-height-default\" data-id=\"ff97bf9\" data-element_type=\"section\" data-settings=\"{&quot;background_background&quot;:&quot;classic&quot;}\">\n\t\t\t\t\t\t<div class=\"elementor-container elementor-column-gap-default\">\n\t\t\t\t\t<div class=\"elementor-column elementor-col-100 elementor-inner-column elementor-element elementor-element-330ad37\" data-id=\"330ad37\" data-element_type=\"column\">\n\t\t\t<div class=\"elementor-widget-wrap elementor-element-populated\">\n\t\t\t\t\t\t\t\t<div class=\"elementor-element elementor-element-7dca5878 elementor-widget elementor-widget-heading\" data-id=\"7dca5878\" data-element_type=\"widget\" data-widget_type=\"heading.default\">\n\t\t\t\t<div class=\"elementor-widget-container\">\n\t\t\t<h2 class=\"elementor-heading-title elementor-size-default\">Make an appointment with us <\/h2>\t\t<\/div>\n\t\t\t\t<\/div>\n\t\t\t\t<div class=\"elementor-element elementor-element-249f598b elementor-widget elementor-widget-text-editor\" data-id=\"249f598b\" data-element_type=\"widget\" data-widget_type=\"text-editor.default\">\n\t\t\t\t<div class=\"elementor-widget-container\">\n\t\t\t\t\t\t\t<p><span class=\"VIiyi\" lang=\"en\"><span class=\"JLqJ4b ChMk0b\" data-language-for-alternatives=\"en\" data-language-to-translate-into=\"cs\" data-phrase-index=\"0\" data-number-of-phrases=\"1\">Contact us and we will discuss your needs.<\/span><\/span><\/p>\n\t\t\t\t\t\t<\/div>\n\t\t\t\t<\/div>\n\t\t\t\t<div class=\"elementor-element elementor-element-206fd7c3 elementor-widget elementor-widget-image\" data-id=\"206fd7c3\" data-element_type=\"widget\" data-widget_type=\"image.default\">\n\t\t\t\t<div class=\"elementor-widget-container\">\n\t\t\t\t\t\t\t\t\t\t\t\t\t\t\t\t<a href=\"https:\/\/www.bpconsultancy.cz\/contact\/?lang=en\">\n\t\t\t\t\t\t\t<img loading=\"lazy\" decoding=\"async\" width=\"56\" height=\"56\" src=\"https:\/\/www.bpconsultancy.cz\/wp-content\/uploads\/2021\/09\/button-2.png\" class=\"attachment-large size-large\" alt=\"\" \/>\t\t\t\t\t\t\t\t<\/a>\n\t\t\t\t\t\t\t\t\t\t\t\t\t\t\t<\/div>\n\t\t\t\t<\/div>\n\t\t\t\t\t<\/div>\n\t\t<\/div>\n\t\t\t\t\t\t\t<\/div>\n\t\t<\/section>\n\t\t\t\t\t<\/div>\n\t\t<\/div>\n\t\t\t\t\t\t\t<\/div>\n\t\t<\/section>\n\t\t\t\t<section class=\"elementor-section elementor-top-section elementor-element elementor-element-5443e0bf elementor-section-height-min-height elementor-section-boxed elementor-section-height-default elementor-section-items-middle\" data-id=\"5443e0bf\" data-element_type=\"section\">\n\t\t\t\t\t\t<div class=\"elementor-container elementor-column-gap-no\">\n\t\t\t\t\t<div class=\"elementor-column elementor-col-100 elementor-top-column elementor-element elementor-element-b05ba47\" data-id=\"b05ba47\" data-element_type=\"column\">\n\t\t\t<div class=\"elementor-widget-wrap elementor-element-populated\">\n\t\t\t\t\t\t\t\t<div class=\"elementor-element elementor-element-40d7b8e elementor-widget elementor-widget-heading\" data-id=\"40d7b8e\" data-element_type=\"widget\" data-widget_type=\"heading.default\">\n\t\t\t\t<div class=\"elementor-widget-container\">\n\t\t\t<h2 class=\"elementor-heading-title elementor-size-default\">Other Services<\/h2>\t\t<\/div>\n\t\t\t\t<\/div>\n\t\t\t\t\t<\/div>\n\t\t<\/div>\n\t\t\t\t\t\t\t<\/div>\n\t\t<\/section>\n\t\t\t\t<section class=\"elementor-section elementor-top-section elementor-element elementor-element-43b6375a elementor-section-boxed elementor-section-height-default elementor-section-height-default\" data-id=\"43b6375a\" data-element_type=\"section\">\n\t\t\t\t\t\t<div class=\"elementor-container elementor-column-gap-wide\">\n\t\t\t\t\t<div class=\"elementor-column elementor-col-25 elementor-top-column elementor-element elementor-element-439cd638\" data-id=\"439cd638\" data-element_type=\"column\">\n\t\t\t<div class=\"elementor-widget-wrap elementor-element-populated\">\n\t\t\t\t\t\t\t\t<div class=\"elementor-element elementor-element-7289ad00 elementor-widget elementor-widget-heading\" data-id=\"7289ad00\" data-element_type=\"widget\" data-widget_type=\"heading.default\">\n\t\t\t\t<div class=\"elementor-widget-container\">\n\t\t\t<h2 class=\"elementor-heading-title elementor-size-default\">Project Management<\/h2>\t\t<\/div>\n\t\t\t\t<\/div>\n\t\t\t\t<div class=\"elementor-element elementor-element-1344f31d elementor-widget elementor-widget-image\" data-id=\"1344f31d\" data-element_type=\"widget\" data-widget_type=\"image.default\">\n\t\t\t\t<div class=\"elementor-widget-container\">\n\t\t\t\t\t\t\t\t\t\t\t\t\t\t\t\t<a href=\"https:\/\/www.bpconsultancy.cz\/project-management\/?lang=en\">\n\t\t\t\t\t\t\t<img loading=\"lazy\" decoding=\"async\" width=\"56\" height=\"56\" src=\"https:\/\/www.bpconsultancy.cz\/wp-content\/uploads\/2021\/09\/button.png\" class=\"attachment-large size-large\" alt=\"\" \/>\t\t\t\t\t\t\t\t<\/a>\n\t\t\t\t\t\t\t\t\t\t\t\t\t\t\t<\/div>\n\t\t\t\t<\/div>\n\t\t\t\t\t<\/div>\n\t\t<\/div>\n\t\t\t\t<div class=\"elementor-column elementor-col-25 elementor-top-column elementor-element elementor-element-3b93f4f5\" data-id=\"3b93f4f5\" data-element_type=\"column\">\n\t\t\t<div class=\"elementor-widget-wrap elementor-element-populated\">\n\t\t\t\t\t\t\t\t<div class=\"elementor-element elementor-element-24519ffe elementor-widget elementor-widget-heading\" data-id=\"24519ffe\" data-element_type=\"widget\" data-widget_type=\"heading.default\">\n\t\t\t\t<div class=\"elementor-widget-container\">\n\t\t\t<h2 class=\"elementor-heading-title elementor-size-default\">Clients Technical Supervision<\/h2>\t\t<\/div>\n\t\t\t\t<\/div>\n\t\t\t\t<div class=\"elementor-element elementor-element-6541d2d6 elementor-widget elementor-widget-image\" data-id=\"6541d2d6\" data-element_type=\"widget\" data-widget_type=\"image.default\">\n\t\t\t\t<div class=\"elementor-widget-container\">\n\t\t\t\t\t\t\t\t\t\t\t\t\t\t\t\t<a href=\"https:\/\/www.bpconsultancy.cz\/technical-supervision\/?lang=en\">\n\t\t\t\t\t\t\t<img loading=\"lazy\" decoding=\"async\" width=\"56\" height=\"56\" src=\"https:\/\/www.bpconsultancy.cz\/wp-content\/uploads\/2021\/09\/button.png\" class=\"attachment-large size-large\" alt=\"\" \/>\t\t\t\t\t\t\t\t<\/a>\n\t\t\t\t\t\t\t\t\t\t\t\t\t\t\t<\/div>\n\t\t\t\t<\/div>\n\t\t\t\t\t<\/div>\n\t\t<\/div>\n\t\t\t\t<div class=\"elementor-column elementor-col-25 elementor-top-column elementor-element elementor-element-43295c36\" data-id=\"43295c36\" data-element_type=\"column\">\n\t\t\t<div class=\"elementor-widget-wrap elementor-element-populated\">\n\t\t\t\t\t\t\t\t<div class=\"elementor-element elementor-element-6b8c8ec9 elementor-widget elementor-widget-heading\" data-id=\"6b8c8ec9\" data-element_type=\"widget\" data-widget_type=\"heading.default\">\n\t\t\t\t<div class=\"elementor-widget-container\">\n\t\t\t<h2 class=\"elementor-heading-title elementor-size-default\">Health and Safety Coordinator<\/h2>\t\t<\/div>\n\t\t\t\t<\/div>\n\t\t\t\t<div class=\"elementor-element elementor-element-70bb7e42 elementor-widget elementor-widget-image\" data-id=\"70bb7e42\" data-element_type=\"widget\" data-widget_type=\"image.default\">\n\t\t\t\t<div class=\"elementor-widget-container\">\n\t\t\t\t\t\t\t\t\t\t\t\t\t\t\t\t<a href=\"https:\/\/www.bpconsultancy.cz\/health-and-safety-coordinator\/?lang=en\">\n\t\t\t\t\t\t\t<img loading=\"lazy\" decoding=\"async\" width=\"56\" height=\"56\" src=\"https:\/\/www.bpconsultancy.cz\/wp-content\/uploads\/2021\/09\/button.png\" class=\"attachment-large size-large\" alt=\"\" \/>\t\t\t\t\t\t\t\t<\/a>\n\t\t\t\t\t\t\t\t\t\t\t\t\t\t\t<\/div>\n\t\t\t\t<\/div>\n\t\t\t\t\t<\/div>\n\t\t<\/div>\n\t\t\t\t<div class=\"elementor-column elementor-col-25 elementor-top-column elementor-element elementor-element-87403be\" data-id=\"87403be\" data-element_type=\"column\">\n\t\t\t<div class=\"elementor-widget-wrap elementor-element-populated\">\n\t\t\t\t\t\t\t\t<div class=\"elementor-element elementor-element-5d7e8c81 elementor-widget elementor-widget-heading\" data-id=\"5d7e8c81\" data-element_type=\"widget\" data-widget_type=\"heading.default\">\n\t\t\t\t<div class=\"elementor-widget-container\">\n\t\t\t<h2 class=\"elementor-heading-title elementor-size-default\">Apartments\/Houses Handovers\u200b<\/h2>\t\t<\/div>\n\t\t\t\t<\/div>\n\t\t\t\t<div class=\"elementor-element elementor-element-143ea85a elementor-widget elementor-widget-image\" data-id=\"143ea85a\" data-element_type=\"widget\" data-widget_type=\"image.default\">\n\t\t\t\t<div class=\"elementor-widget-container\">\n\t\t\t\t\t\t\t\t\t\t\t\t\t\t\t\t<a href=\"https:\/\/www.bpconsultancy.cz\/houses-apartments-handovers\/?lang=en\">\n\t\t\t\t\t\t\t<img loading=\"lazy\" decoding=\"async\" width=\"56\" height=\"56\" src=\"https:\/\/www.bpconsultancy.cz\/wp-content\/uploads\/2021\/09\/button.png\" class=\"attachment-large size-large\" alt=\"\" \/>\t\t\t\t\t\t\t\t<\/a>\n\t\t\t\t\t\t\t\t\t\t\t\t\t\t\t<\/div>\n\t\t\t\t<\/div>\n\t\t\t\t\t<\/div>\n\t\t<\/div>\n\t\t\t\t\t\t\t<\/div>\n\t\t<\/section>\n\t\t\t\t\t\t<\/div>\n\t\t\t\t\t<\/div>\n\t\t","protected":false},"excerpt":{"rendered":"<p>Cost Management Cost Management is our key activity. In the early stages of the project, Cost Management helps to set the correct investment value through the price calculations and estimates (so-called Cost Plan). We will bring the project in the preliminary phase to greater profitability for the client together with the value engineering and design [&hellip;]<\/p>\n","protected":false},"author":2,"featured_media":0,"parent":0,"menu_order":0,"comment_status":"closed","ping_status":"closed","template":"elementor_header_footer","meta":{"footnotes":""},"class_list":["post-1790","page","type-page","status-publish","hentry"],"yoast_head":"<!-- This site is optimized with the Yoast SEO plugin v18.2 - https:\/\/yoast.com\/wordpress\/plugins\/seo\/ -->\n<title>Cost Management - Building and Project Consultancy s.r.o.<\/title>\n<meta name=\"description\" content=\"We help with price management through price calculations and estimates. We will lead the project in the preparatory phase to greater profitability for the client.\" \/>\n<meta name=\"robots\" content=\"index, follow, max-snippet:-1, max-image-preview:large, max-video-preview:-1\" \/>\n<link rel=\"canonical\" href=\"https:\/\/www.bpconsultancy.cz\/en\/cost-management\/\" \/>\n<meta property=\"og:locale\" content=\"en_US\" \/>\n<meta property=\"og:type\" content=\"article\" \/>\n<meta property=\"og:title\" content=\"Cost Management - Building and Project Consultancy s.r.o.\" \/>\n<meta property=\"og:description\" content=\"We help with price management through price calculations and estimates. We will lead the project in the preparatory phase to greater profitability for the client.\" \/>\n<meta property=\"og:url\" content=\"https:\/\/www.bpconsultancy.cz\/en\/cost-management\/\" \/>\n<meta property=\"og:site_name\" content=\"Building and Project Consultancy s.r.o.\" \/>\n<meta property=\"article:modified_time\" content=\"2022-04-05T09:14:33+00:00\" \/>\n<meta property=\"og:image\" content=\"https:\/\/www.bpconsultancy.cz\/wp-content\/uploads\/2021\/09\/button-2.png\" \/>\n<meta name=\"twitter:card\" content=\"summary_large_image\" \/>\n<meta name=\"twitter:label1\" content=\"Est. reading time\" \/>\n\t<meta name=\"twitter:data1\" content=\"2 minutes\" \/>\n<script type=\"application\/ld+json\" class=\"yoast-schema-graph\">{\"@context\":\"https:\/\/schema.org\",\"@graph\":[{\"@type\":\"WebSite\",\"@id\":\"https:\/\/www.bpconsultancy.cz\/#website\",\"url\":\"https:\/\/www.bpconsultancy.cz\/\",\"name\":\"Building and Project Consultancy s.r.o.\",\"description\":\"Konzulta\u010dn\u00ed, in\u017een\u00fdrsk\u00e9 a mana\u017eersk\u00e9 slu\u017eby ve stavebnictv\u00ed\",\"potentialAction\":[{\"@type\":\"SearchAction\",\"target\":{\"@type\":\"EntryPoint\",\"urlTemplate\":\"https:\/\/www.bpconsultancy.cz\/?s={search_term_string}\"},\"query-input\":\"required name=search_term_string\"}],\"inLanguage\":\"en-US\"},{\"@type\":\"ImageObject\",\"@id\":\"https:\/\/www.bpconsultancy.cz\/en\/cost-management\/#primaryimage\",\"inLanguage\":\"en-US\",\"url\":\"https:\/\/www.bpconsultancy.cz\/wp-content\/uploads\/2021\/09\/button-2.png\",\"contentUrl\":\"https:\/\/www.bpconsultancy.cz\/wp-content\/uploads\/2021\/09\/button-2.png\",\"width\":56,\"height\":56},{\"@type\":\"WebPage\",\"@id\":\"https:\/\/www.bpconsultancy.cz\/en\/cost-management\/#webpage\",\"url\":\"https:\/\/www.bpconsultancy.cz\/en\/cost-management\/\",\"name\":\"Cost Management - Building and Project Consultancy s.r.o.\",\"isPartOf\":{\"@id\":\"https:\/\/www.bpconsultancy.cz\/#website\"},\"primaryImageOfPage\":{\"@id\":\"https:\/\/www.bpconsultancy.cz\/en\/cost-management\/#primaryimage\"},\"datePublished\":\"2022-01-30T21:24:27+00:00\",\"dateModified\":\"2022-04-05T09:14:33+00:00\",\"description\":\"We help with price management through price calculations and estimates. We will lead the project in the preparatory phase to greater profitability for the client.\",\"breadcrumb\":{\"@id\":\"https:\/\/www.bpconsultancy.cz\/en\/cost-management\/#breadcrumb\"},\"inLanguage\":\"en-US\",\"potentialAction\":[{\"@type\":\"ReadAction\",\"target\":[\"https:\/\/www.bpconsultancy.cz\/en\/cost-management\/\"]}]},{\"@type\":\"BreadcrumbList\",\"@id\":\"https:\/\/www.bpconsultancy.cz\/en\/cost-management\/#breadcrumb\",\"itemListElement\":[{\"@type\":\"ListItem\",\"position\":1,\"name\":\"Dom\u016f\",\"item\":\"https:\/\/www.bpconsultancy.cz\/\"},{\"@type\":\"ListItem\",\"position\":2,\"name\":\"Cost Management\"}]}]}<\/script>\n<!-- \/ Yoast SEO plugin. -->","yoast_head_json":{"title":"Cost Management - Building and Project Consultancy s.r.o.","description":"We help with price management through price calculations and estimates. We will lead the project in the preparatory phase to greater profitability for the client.","robots":{"index":"index","follow":"follow","max-snippet":"max-snippet:-1","max-image-preview":"max-image-preview:large","max-video-preview":"max-video-preview:-1"},"canonical":"https:\/\/www.bpconsultancy.cz\/en\/cost-management\/","og_locale":"en_US","og_type":"article","og_title":"Cost Management - Building and Project Consultancy s.r.o.","og_description":"We help with price management through price calculations and estimates. We will lead the project in the preparatory phase to greater profitability for the client.","og_url":"https:\/\/www.bpconsultancy.cz\/en\/cost-management\/","og_site_name":"Building and Project Consultancy s.r.o.","article_modified_time":"2022-04-05T09:14:33+00:00","og_image":[{"url":"https:\/\/www.bpconsultancy.cz\/wp-content\/uploads\/2021\/09\/button-2.png"}],"twitter_card":"summary_large_image","twitter_misc":{"Est. reading time":"2 minutes"},"schema":{"@context":"https:\/\/schema.org","@graph":[{"@type":"WebSite","@id":"https:\/\/www.bpconsultancy.cz\/#website","url":"https:\/\/www.bpconsultancy.cz\/","name":"Building and Project Consultancy s.r.o.","description":"Konzulta\u010dn\u00ed, in\u017een\u00fdrsk\u00e9 a mana\u017eersk\u00e9 slu\u017eby ve stavebnictv\u00ed","potentialAction":[{"@type":"SearchAction","target":{"@type":"EntryPoint","urlTemplate":"https:\/\/www.bpconsultancy.cz\/?s={search_term_string}"},"query-input":"required name=search_term_string"}],"inLanguage":"en-US"},{"@type":"ImageObject","@id":"https:\/\/www.bpconsultancy.cz\/en\/cost-management\/#primaryimage","inLanguage":"en-US","url":"https:\/\/www.bpconsultancy.cz\/wp-content\/uploads\/2021\/09\/button-2.png","contentUrl":"https:\/\/www.bpconsultancy.cz\/wp-content\/uploads\/2021\/09\/button-2.png","width":56,"height":56},{"@type":"WebPage","@id":"https:\/\/www.bpconsultancy.cz\/en\/cost-management\/#webpage","url":"https:\/\/www.bpconsultancy.cz\/en\/cost-management\/","name":"Cost Management - Building and Project Consultancy s.r.o.","isPartOf":{"@id":"https:\/\/www.bpconsultancy.cz\/#website"},"primaryImageOfPage":{"@id":"https:\/\/www.bpconsultancy.cz\/en\/cost-management\/#primaryimage"},"datePublished":"2022-01-30T21:24:27+00:00","dateModified":"2022-04-05T09:14:33+00:00","description":"We help with price management through price calculations and estimates. We will lead the project in the preparatory phase to greater profitability for the client.","breadcrumb":{"@id":"https:\/\/www.bpconsultancy.cz\/en\/cost-management\/#breadcrumb"},"inLanguage":"en-US","potentialAction":[{"@type":"ReadAction","target":["https:\/\/www.bpconsultancy.cz\/en\/cost-management\/"]}]},{"@type":"BreadcrumbList","@id":"https:\/\/www.bpconsultancy.cz\/en\/cost-management\/#breadcrumb","itemListElement":[{"@type":"ListItem","position":1,"name":"Dom\u016f","item":"https:\/\/www.bpconsultancy.cz\/"},{"@type":"ListItem","position":2,"name":"Cost Management"}]}]}},"_links":{"self":[{"href":"https:\/\/www.bpconsultancy.cz\/en\/wp-json\/wp\/v2\/pages\/1790","targetHints":{"allow":["GET"]}}],"collection":[{"href":"https:\/\/www.bpconsultancy.cz\/en\/wp-json\/wp\/v2\/pages"}],"about":[{"href":"https:\/\/www.bpconsultancy.cz\/en\/wp-json\/wp\/v2\/types\/page"}],"author":[{"embeddable":true,"href":"https:\/\/www.bpconsultancy.cz\/en\/wp-json\/wp\/v2\/users\/2"}],"replies":[{"embeddable":true,"href":"https:\/\/www.bpconsultancy.cz\/en\/wp-json\/wp\/v2\/comments?post=1790"}],"version-history":[{"count":27,"href":"https:\/\/www.bpconsultancy.cz\/en\/wp-json\/wp\/v2\/pages\/1790\/revisions"}],"predecessor-version":[{"id":2320,"href":"https:\/\/www.bpconsultancy.cz\/en\/wp-json\/wp\/v2\/pages\/1790\/revisions\/2320"}],"wp:attachment":[{"href":"https:\/\/www.bpconsultancy.cz\/en\/wp-json\/wp\/v2\/media?parent=1790"}],"curies":[{"name":"wp","href":"https:\/\/api.w.org\/{rel}","templated":true}]}}