{"id":1797,"date":"2022-02-12T21:25:29","date_gmt":"2022-02-12T20:25:29","guid":{"rendered":"https:\/\/www.bpconsultancy.cz\/about-us\/"},"modified":"2022-03-24T17:33:26","modified_gmt":"2022-03-24T16:33:26","slug":"about-us","status":"publish","type":"page","link":"https:\/\/www.bpconsultancy.cz\/en\/about-us\/","title":{"rendered":"About us"},"content":{"rendered":"\t\t<div data-elementor-type=\"wp-page\" data-elementor-id=\"1797\" class=\"elementor elementor-1797\" data-elementor-settings=\"[]\">\n\t\t\t\t\t\t\t<div class=\"elementor-section-wrap\">\n\t\t\t\t\t\t\t<section class=\"elementor-section elementor-top-section elementor-element elementor-element-ac12654 elementor-section-height-min-height elementor-section-boxed elementor-section-height-default elementor-section-items-middle\" data-id=\"ac12654\" data-element_type=\"section\" data-settings=\"{&quot;background_background&quot;:&quot;classic&quot;}\">\n\t\t\t\t\t\t\t<div class=\"elementor-background-overlay\"><\/div>\n\t\t\t\t\t\t\t<div class=\"elementor-container elementor-column-gap-default\">\n\t\t\t\t\t<div class=\"elementor-column elementor-col-100 elementor-top-column elementor-element elementor-element-6b33e03\" data-id=\"6b33e03\" data-element_type=\"column\">\n\t\t\t<div class=\"elementor-widget-wrap elementor-element-populated\">\n\t\t\t\t\t\t\t\t<div class=\"elementor-element elementor-element-6b5ca75 elementor-widget elementor-widget-heading\" data-id=\"6b5ca75\" data-element_type=\"widget\" data-widget_type=\"heading.default\">\n\t\t\t\t<div class=\"elementor-widget-container\">\n\t\t\t<h2 class=\"elementor-heading-title elementor-size-default\">About us<\/h2>\t\t<\/div>\n\t\t\t\t<\/div>\n\t\t\t\t\t<\/div>\n\t\t<\/div>\n\t\t\t\t\t\t\t<\/div>\n\t\t<\/section>\n\t\t\t\t<section class=\"elementor-section elementor-top-section elementor-element elementor-element-a5b3cec elementor-section-boxed elementor-section-height-default elementor-section-height-default\" data-id=\"a5b3cec\" data-element_type=\"section\">\n\t\t\t\t\t\t<div class=\"elementor-container elementor-column-gap-default\">\n\t\t\t\t\t<div class=\"elementor-column elementor-col-50 elementor-top-column elementor-element elementor-element-ff41616\" data-id=\"ff41616\" data-element_type=\"column\">\n\t\t\t<div class=\"elementor-widget-wrap elementor-element-populated\">\n\t\t\t\t\t\t\t\t<div class=\"elementor-element elementor-element-dbfcbf7 elementor-hidden-mobile elementor-widget elementor-widget-image\" data-id=\"dbfcbf7\" data-element_type=\"widget\" data-widget_type=\"image.default\">\n\t\t\t\t<div class=\"elementor-widget-container\">\n\t\t\t\t\t\t\t\t\t\t\t\t\t\t\t<img loading=\"lazy\" decoding=\"async\" width=\"400\" height=\"620\" src=\"https:\/\/www.bpconsultancy.cz\/wp-content\/uploads\/2022\/03\/bpc-about-2.jpg\" class=\"attachment-large size-large\" alt=\"\" srcset=\"https:\/\/www.bpconsultancy.cz\/wp-content\/uploads\/2022\/03\/bpc-about-2.jpg 400w, https:\/\/www.bpconsultancy.cz\/wp-content\/uploads\/2022\/03\/bpc-about-2-194x300.jpg 194w\" sizes=\"auto, (max-width: 400px) 100vw, 400px\" \/>\t\t\t\t\t\t\t\t\t\t\t\t\t\t\t<\/div>\n\t\t\t\t<\/div>\n\t\t\t\t\t<\/div>\n\t\t<\/div>\n\t\t\t\t<div class=\"elementor-column elementor-col-50 elementor-top-column elementor-element elementor-element-588b598\" data-id=\"588b598\" data-element_type=\"column\">\n\t\t\t<div class=\"elementor-widget-wrap elementor-element-populated\">\n\t\t\t\t\t\t\t\t<div class=\"elementor-element elementor-element-7eacd84 elementor-widget elementor-widget-heading\" data-id=\"7eacd84\" data-element_type=\"widget\" data-widget_type=\"heading.default\">\n\t\t\t\t<div class=\"elementor-widget-container\">\n\t\t\t<h2 class=\"elementor-heading-title elementor-size-default\">About company<\/h2>\t\t<\/div>\n\t\t\t\t<\/div>\n\t\t\t\t<div class=\"elementor-element elementor-element-2f5e904 elementor-widget elementor-widget-heading\" data-id=\"2f5e904\" data-element_type=\"widget\" data-widget_type=\"heading.default\">\n\t\t\t\t<div class=\"elementor-widget-container\">\n\t\t\t<h2 class=\"elementor-heading-title elementor-size-default\">Building and Project Consultancy s.r.o.<\/h2>\t\t<\/div>\n\t\t\t\t<\/div>\n\t\t\t\t<div class=\"elementor-element elementor-element-5181d6e elementor-widget elementor-widget-text-editor\" data-id=\"5181d6e\" data-element_type=\"widget\" data-widget_type=\"text-editor.default\">\n\t\t\t\t<div class=\"elementor-widget-container\">\n\t\t\t\t\t\t\tWe provide consulting and management services in the construction with a focus on civil engineering. We provide clients with services related to construction activities and development in all its complexity. We rely on the experience of all our employees who gained their experience participating in the preparation and the realization of more than 2,500 apartments and 100,000 sqm of office and commercial space. We are thoroughly acquainted with the whole project process from the preparation through the general contractor tender up to construction and succesfull completition.\n\nAll this gives us an advantage over the competition and gives the client the certainty that his project is managed professionally. \n\t\t\t\t\t\t<\/div>\n\t\t\t\t<\/div>\n\t\t\t\t<div class=\"elementor-element elementor-element-5ecf98e elementor-widget elementor-widget-button\" data-id=\"5ecf98e\" data-element_type=\"widget\" data-widget_type=\"button.default\">\n\t\t\t\t<div class=\"elementor-widget-container\">\n\t\t\t\t\t<div class=\"elementor-button-wrapper\">\n\t\t\t<a href=\"https:\/\/www.bpconsultancy.cz\/en\/services\/\" class=\"elementor-button-link elementor-button elementor-size-xl\" role=\"button\">\n\t\t\t\t\t\t<span class=\"elementor-button-content-wrapper\">\n\t\t\t\t\t\t<span class=\"elementor-button-icon elementor-align-icon-right\">\n\t\t\t\t<i aria-hidden=\"true\" class=\"fas fa-long-arrow-alt-right\"><\/i>\t\t\t<\/span>\n\t\t\t\t\t\t<span class=\"elementor-button-text\">Services<\/span>\n\t\t<\/span>\n\t\t\t\t\t<\/a>\n\t\t<\/div>\n\t\t\t\t<\/div>\n\t\t\t\t<\/div>\n\t\t\t\t\t<\/div>\n\t\t<\/div>\n\t\t\t\t\t\t\t<\/div>\n\t\t<\/section>\n\t\t\t\t<section class=\"elementor-section elementor-top-section elementor-element elementor-element-908f477 elementor-section-boxed elementor-section-height-default elementor-section-height-default\" data-id=\"908f477\" data-element_type=\"section\">\n\t\t\t\t\t\t<div class=\"elementor-container elementor-column-gap-default\">\n\t\t\t\t\t<div class=\"elementor-column elementor-col-50 elementor-top-column elementor-element elementor-element-557ba23\" data-id=\"557ba23\" data-element_type=\"column\">\n\t\t\t<div class=\"elementor-widget-wrap elementor-element-populated\">\n\t\t\t\t\t\t\t\t<div class=\"elementor-element elementor-element-44e52ec elementor-widget elementor-widget-heading\" data-id=\"44e52ec\" data-element_type=\"widget\" data-widget_type=\"heading.default\">\n\t\t\t\t<div class=\"elementor-widget-container\">\n\t\t\t<h2 class=\"elementor-heading-title elementor-size-default\">Completed projects<\/h2>\t\t<\/div>\n\t\t\t\t<\/div>\n\t\t\t\t<div class=\"elementor-element elementor-element-605d4ae elementor-widget elementor-widget-heading\" data-id=\"605d4ae\" data-element_type=\"widget\" data-widget_type=\"heading.default\">\n\t\t\t\t<div class=\"elementor-widget-container\">\n\t\t\t<h2 class=\"elementor-heading-title elementor-size-default\">Take a look at our references <\/h2>\t\t<\/div>\n\t\t\t\t<\/div>\n\t\t\t\t<div class=\"elementor-element elementor-element-ba0a693 elementor-widget elementor-widget-text-editor\" data-id=\"ba0a693\" data-element_type=\"widget\" data-widget_type=\"text-editor.default\">\n\t\t\t\t<div class=\"elementor-widget-container\">\n\t\t\t\t\t\t\t\t\t\t\t\t\t<\/div>\n\t\t\t\t<\/div>\n\t\t\t\t<div class=\"elementor-element elementor-element-9022e49 elementor-widget elementor-widget-button\" data-id=\"9022e49\" data-element_type=\"widget\" data-widget_type=\"button.default\">\n\t\t\t\t<div class=\"elementor-widget-container\">\n\t\t\t\t\t<div class=\"elementor-button-wrapper\">\n\t\t\t<a href=\"https:\/\/www.bpconsultancy.cz\/en\/references\/\" class=\"elementor-button-link elementor-button elementor-size-xl\" role=\"button\">\n\t\t\t\t\t\t<span class=\"elementor-button-content-wrapper\">\n\t\t\t\t\t\t<span class=\"elementor-button-icon elementor-align-icon-right\">\n\t\t\t\t<i aria-hidden=\"true\" class=\"fas fa-long-arrow-alt-right\"><\/i>\t\t\t<\/span>\n\t\t\t\t\t\t<span class=\"elementor-button-text\">Our references <\/span>\n\t\t<\/span>\n\t\t\t\t\t<\/a>\n\t\t<\/div>\n\t\t\t\t<\/div>\n\t\t\t\t<\/div>\n\t\t\t\t\t<\/div>\n\t\t<\/div>\n\t\t\t\t<div class=\"elementor-column elementor-col-50 elementor-top-column elementor-element elementor-element-3a2b3a8\" data-id=\"3a2b3a8\" data-element_type=\"column\">\n\t\t\t<div class=\"elementor-widget-wrap elementor-element-populated\">\n\t\t\t\t\t\t\t\t<div class=\"elementor-element elementor-element-70437fb elementor-widget elementor-widget-image\" data-id=\"70437fb\" data-element_type=\"widget\" data-widget_type=\"image.default\">\n\t\t\t\t<div class=\"elementor-widget-container\">\n\t\t\t\t\t\t\t\t\t\t\t\t\t\t\t<img loading=\"lazy\" decoding=\"async\" width=\"400\" height=\"650\" src=\"https:\/\/www.bpconsultancy.cz\/wp-content\/uploads\/2022\/03\/klamovka-2.jpg\" class=\"attachment-large size-large\" alt=\"\" srcset=\"https:\/\/www.bpconsultancy.cz\/wp-content\/uploads\/2022\/03\/klamovka-2.jpg 400w, https:\/\/www.bpconsultancy.cz\/wp-content\/uploads\/2022\/03\/klamovka-2-185x300.jpg 185w\" sizes=\"auto, (max-width: 400px) 100vw, 400px\" \/>\t\t\t\t\t\t\t\t\t\t\t\t\t\t\t<\/div>\n\t\t\t\t<\/div>\n\t\t\t\t\t<\/div>\n\t\t<\/div>\n\t\t\t\t\t\t\t<\/div>\n\t\t<\/section>\n\t\t\t\t\t\t<\/div>\n\t\t\t\t\t<\/div>\n\t\t","protected":false},"excerpt":{"rendered":"<p>About us About company Building and Project Consultancy s.r.o. We provide consulting and management services in the construction with a focus on civil engineering. We provide clients with services related to construction activities and development in all its complexity. We rely on the experience of all our employees who gained their experience participating in the [&hellip;]<\/p>\n","protected":false},"author":2,"featured_media":0,"parent":0,"menu_order":0,"comment_status":"closed","ping_status":"closed","template":"elementor_header_footer","meta":{"footnotes":""},"class_list":["post-1797","page","type-page","status-publish","hentry"],"yoast_head":"<!-- This site is optimized with the Yoast SEO plugin v18.2 - https:\/\/yoast.com\/wordpress\/plugins\/seo\/ -->\n<title>About us - Building and Project Consultancy s.r.o.<\/title>\n<meta name=\"robots\" content=\"index, follow, max-snippet:-1, max-image-preview:large, max-video-preview:-1\" \/>\n<link rel=\"canonical\" href=\"https:\/\/www.bpconsultancy.cz\/en\/o-nas\/\" \/>\n<meta property=\"og:locale\" content=\"en_US\" \/>\n<meta property=\"og:type\" content=\"article\" \/>\n<meta property=\"og:title\" content=\"About us - Building and Project Consultancy s.r.o.\" \/>\n<meta property=\"og:description\" content=\"About us About company Building and Project Consultancy s.r.o. We provide consulting and management services in the construction with a focus on civil engineering. We provide clients with services related to construction activities and development in all its complexity. We rely on the experience of all our employees who gained their experience participating in the [&hellip;]\" \/>\n<meta property=\"og:url\" content=\"https:\/\/www.bpconsultancy.cz\/o-nas\/\" \/>\n<meta property=\"og:site_name\" content=\"Building and Project Consultancy s.r.o.\" \/>\n<meta property=\"article:modified_time\" content=\"2022-03-24T16:33:26+00:00\" \/>\n<meta property=\"og:image\" content=\"https:\/\/www.bpconsultancy.cz\/wp-content\/uploads\/2022\/03\/bpc-about-2.jpg\" \/>\n<meta name=\"twitter:card\" content=\"summary_large_image\" \/>\n<meta name=\"twitter:label1\" content=\"Est. reading time\" \/>\n\t<meta name=\"twitter:data1\" content=\"1 minute\" \/>\n<script type=\"application\/ld+json\" class=\"yoast-schema-graph\">{\"@context\":\"https:\/\/schema.org\",\"@graph\":[{\"@type\":\"WebSite\",\"@id\":\"https:\/\/www.bpconsultancy.cz\/#website\",\"url\":\"https:\/\/www.bpconsultancy.cz\/\",\"name\":\"Building and Project Consultancy s.r.o.\",\"description\":\"Konzulta\u010dn\u00ed, in\u017een\u00fdrsk\u00e9 a mana\u017eersk\u00e9 slu\u017eby ve stavebnictv\u00ed\",\"potentialAction\":[{\"@type\":\"SearchAction\",\"target\":{\"@type\":\"EntryPoint\",\"urlTemplate\":\"https:\/\/www.bpconsultancy.cz\/?s={search_term_string}\"},\"query-input\":\"required name=search_term_string\"}],\"inLanguage\":\"en-US\"},{\"@type\":\"ImageObject\",\"@id\":\"https:\/\/www.bpconsultancy.cz\/o-nas\/#primaryimage\",\"inLanguage\":\"en-US\",\"url\":\"https:\/\/www.bpconsultancy.cz\/wp-content\/uploads\/2022\/03\/bpc-about-2.jpg\",\"contentUrl\":\"https:\/\/www.bpconsultancy.cz\/wp-content\/uploads\/2022\/03\/bpc-about-2.jpg\",\"width\":400,\"height\":620},{\"@type\":\"WebPage\",\"@id\":\"https:\/\/www.bpconsultancy.cz\/o-nas\/#webpage\",\"url\":\"https:\/\/www.bpconsultancy.cz\/o-nas\/\",\"name\":\"About us - Building and Project Consultancy s.r.o.\",\"isPartOf\":{\"@id\":\"https:\/\/www.bpconsultancy.cz\/#website\"},\"primaryImageOfPage\":{\"@id\":\"https:\/\/www.bpconsultancy.cz\/o-nas\/#primaryimage\"},\"datePublished\":\"2022-02-12T20:25:29+00:00\",\"dateModified\":\"2022-03-24T16:33:26+00:00\",\"breadcrumb\":{\"@id\":\"https:\/\/www.bpconsultancy.cz\/o-nas\/#breadcrumb\"},\"inLanguage\":\"en-US\",\"potentialAction\":[{\"@type\":\"ReadAction\",\"target\":[\"https:\/\/www.bpconsultancy.cz\/o-nas\/\"]}]},{\"@type\":\"BreadcrumbList\",\"@id\":\"https:\/\/www.bpconsultancy.cz\/o-nas\/#breadcrumb\",\"itemListElement\":[{\"@type\":\"ListItem\",\"position\":1,\"name\":\"Dom\u016f\",\"item\":\"https:\/\/www.bpconsultancy.cz\/\"},{\"@type\":\"ListItem\",\"position\":2,\"name\":\"About us\"}]}]}<\/script>\n<!-- \/ Yoast SEO plugin. -->","yoast_head_json":{"title":"About us - Building and Project Consultancy s.r.o.","robots":{"index":"index","follow":"follow","max-snippet":"max-snippet:-1","max-image-preview":"max-image-preview:large","max-video-preview":"max-video-preview:-1"},"canonical":"https:\/\/www.bpconsultancy.cz\/en\/o-nas\/","og_locale":"en_US","og_type":"article","og_title":"About us - Building and Project Consultancy s.r.o.","og_description":"About us About company Building and Project Consultancy s.r.o. We provide consulting and management services in the construction with a focus on civil engineering. We provide clients with services related to construction activities and development in all its complexity. We rely on the experience of all our employees who gained their experience participating in the [&hellip;]","og_url":"https:\/\/www.bpconsultancy.cz\/o-nas\/","og_site_name":"Building and Project Consultancy s.r.o.","article_modified_time":"2022-03-24T16:33:26+00:00","og_image":[{"url":"https:\/\/www.bpconsultancy.cz\/wp-content\/uploads\/2022\/03\/bpc-about-2.jpg"}],"twitter_card":"summary_large_image","twitter_misc":{"Est. reading time":"1 minute"},"schema":{"@context":"https:\/\/schema.org","@graph":[{"@type":"WebSite","@id":"https:\/\/www.bpconsultancy.cz\/#website","url":"https:\/\/www.bpconsultancy.cz\/","name":"Building and Project Consultancy s.r.o.","description":"Konzulta\u010dn\u00ed, in\u017een\u00fdrsk\u00e9 a mana\u017eersk\u00e9 slu\u017eby ve stavebnictv\u00ed","potentialAction":[{"@type":"SearchAction","target":{"@type":"EntryPoint","urlTemplate":"https:\/\/www.bpconsultancy.cz\/?s={search_term_string}"},"query-input":"required name=search_term_string"}],"inLanguage":"en-US"},{"@type":"ImageObject","@id":"https:\/\/www.bpconsultancy.cz\/o-nas\/#primaryimage","inLanguage":"en-US","url":"https:\/\/www.bpconsultancy.cz\/wp-content\/uploads\/2022\/03\/bpc-about-2.jpg","contentUrl":"https:\/\/www.bpconsultancy.cz\/wp-content\/uploads\/2022\/03\/bpc-about-2.jpg","width":400,"height":620},{"@type":"WebPage","@id":"https:\/\/www.bpconsultancy.cz\/o-nas\/#webpage","url":"https:\/\/www.bpconsultancy.cz\/o-nas\/","name":"About us - Building and Project Consultancy s.r.o.","isPartOf":{"@id":"https:\/\/www.bpconsultancy.cz\/#website"},"primaryImageOfPage":{"@id":"https:\/\/www.bpconsultancy.cz\/o-nas\/#primaryimage"},"datePublished":"2022-02-12T20:25:29+00:00","dateModified":"2022-03-24T16:33:26+00:00","breadcrumb":{"@id":"https:\/\/www.bpconsultancy.cz\/o-nas\/#breadcrumb"},"inLanguage":"en-US","potentialAction":[{"@type":"ReadAction","target":["https:\/\/www.bpconsultancy.cz\/o-nas\/"]}]},{"@type":"BreadcrumbList","@id":"https:\/\/www.bpconsultancy.cz\/o-nas\/#breadcrumb","itemListElement":[{"@type":"ListItem","position":1,"name":"Dom\u016f","item":"https:\/\/www.bpconsultancy.cz\/"},{"@type":"ListItem","position":2,"name":"About us"}]}]}},"_links":{"self":[{"href":"https:\/\/www.bpconsultancy.cz\/en\/wp-json\/wp\/v2\/pages\/1797","targetHints":{"allow":["GET"]}}],"collection":[{"href":"https:\/\/www.bpconsultancy.cz\/en\/wp-json\/wp\/v2\/pages"}],"about":[{"href":"https:\/\/www.bpconsultancy.cz\/en\/wp-json\/wp\/v2\/types\/page"}],"author":[{"embeddable":true,"href":"https:\/\/www.bpconsultancy.cz\/en\/wp-json\/wp\/v2\/users\/2"}],"replies":[{"embeddable":true,"href":"https:\/\/www.bpconsultancy.cz\/en\/wp-json\/wp\/v2\/comments?post=1797"}],"version-history":[{"count":37,"href":"https:\/\/www.bpconsultancy.cz\/en\/wp-json\/wp\/v2\/pages\/1797\/revisions"}],"predecessor-version":[{"id":2295,"href":"https:\/\/www.bpconsultancy.cz\/en\/wp-json\/wp\/v2\/pages\/1797\/revisions\/2295"}],"wp:attachment":[{"href":"https:\/\/www.bpconsultancy.cz\/en\/wp-json\/wp\/v2\/media?parent=1797"}],"curies":[{"name":"wp","href":"https:\/\/api.w.org\/{rel}","templated":true}]}}