{"id":1809,"date":"2022-02-13T19:46:34","date_gmt":"2022-02-13T18:46:34","guid":{"rendered":"https:\/\/www.bpconsultancy.cz\/contact\/"},"modified":"2025-02-25T08:47:52","modified_gmt":"2025-02-25T07:47:52","slug":"contact","status":"publish","type":"page","link":"https:\/\/www.bpconsultancy.cz\/en\/contact\/","title":{"rendered":"Contact"},"content":{"rendered":"\t\t<div data-elementor-type=\"wp-page\" data-elementor-id=\"1809\" class=\"elementor elementor-1809\" data-elementor-settings=\"[]\">\n\t\t\t\t\t\t\t<div class=\"elementor-section-wrap\">\n\t\t\t\t\t\t\t<section class=\"elementor-section elementor-top-section elementor-element elementor-element-46b266a elementor-section-height-min-height elementor-section-boxed elementor-section-height-default elementor-section-items-middle\" data-id=\"46b266a\" data-element_type=\"section\" data-settings=\"{&quot;background_background&quot;:&quot;classic&quot;}\">\n\t\t\t\t\t\t<div class=\"elementor-container elementor-column-gap-default\">\n\t\t\t\t\t<div class=\"elementor-column elementor-col-100 elementor-top-column elementor-element elementor-element-21620b7\" data-id=\"21620b7\" data-element_type=\"column\">\n\t\t\t<div class=\"elementor-widget-wrap elementor-element-populated\">\n\t\t\t\t\t\t\t\t<div class=\"elementor-element elementor-element-1479c90 elementor-widget elementor-widget-heading\" data-id=\"1479c90\" data-element_type=\"widget\" data-widget_type=\"heading.default\">\n\t\t\t\t<div class=\"elementor-widget-container\">\n\t\t\t<h2 class=\"elementor-heading-title elementor-size-default\">Contact<\/h2>\t\t<\/div>\n\t\t\t\t<\/div>\n\t\t\t\t\t<\/div>\n\t\t<\/div>\n\t\t\t\t\t\t\t<\/div>\n\t\t<\/section>\n\t\t\t\t<section class=\"elementor-section elementor-top-section elementor-element elementor-element-5c631505 elementor-section-boxed elementor-section-height-default elementor-section-height-default\" data-id=\"5c631505\" data-element_type=\"section\">\n\t\t\t\t\t\t<div class=\"elementor-container elementor-column-gap-default\">\n\t\t\t\t\t<div class=\"elementor-column elementor-col-50 elementor-top-column elementor-element elementor-element-38e672ce\" data-id=\"38e672ce\" data-element_type=\"column\">\n\t\t\t<div class=\"elementor-widget-wrap elementor-element-populated\">\n\t\t\t\t\t\t\t\t<div class=\"elementor-element elementor-element-2d12acd3 elementor-widget elementor-widget-heading\" data-id=\"2d12acd3\" data-element_type=\"widget\" data-widget_type=\"heading.default\">\n\t\t\t\t<div class=\"elementor-widget-container\">\n\t\t\t<h2 class=\"elementor-heading-title elementor-size-default\">CONTACT FORM<\/h2>\t\t<\/div>\n\t\t\t\t<\/div>\n\t\t\t\t<div class=\"elementor-element elementor-element-528f1824 elementor-widget elementor-widget-heading\" data-id=\"528f1824\" data-element_type=\"widget\" data-widget_type=\"heading.default\">\n\t\t\t\t<div class=\"elementor-widget-container\">\n\t\t\t<h2 class=\"elementor-heading-title elementor-size-default\">Write to us<\/h2>\t\t<\/div>\n\t\t\t\t<\/div>\n\t\t\t\t<div class=\"elementor-element elementor-element-4c9e59a elementor-button-align-end elementor-mobile-button-align-start elementor-tablet-button-align-start elementor-widget elementor-widget-form\" data-id=\"4c9e59a\" data-element_type=\"widget\" data-settings=\"{&quot;step_next_label&quot;:&quot;Next&quot;,&quot;step_previous_label&quot;:&quot;Previous&quot;,&quot;button_width&quot;:&quot;25&quot;,&quot;step_type&quot;:&quot;number_text&quot;,&quot;step_icon_shape&quot;:&quot;circle&quot;}\" data-widget_type=\"form.default\">\n\t\t\t\t<div class=\"elementor-widget-container\">\n\t\t\t\t\t<form class=\"elementor-form\" method=\"post\" name=\"New Form\">\n\t\t\t<input type=\"hidden\" name=\"post_id\" value=\"1809\"\/>\n\t\t\t<input type=\"hidden\" name=\"form_id\" value=\"4c9e59a\"\/>\n\t\t\t<input type=\"hidden\" name=\"referer_title\" value=\"Building and Project Consultancy s.r.o.\" \/>\n\n\t\t\t\n\t\t\t<div class=\"elementor-form-fields-wrapper elementor-labels-above\">\n\t\t\t\t\t\t\t\t<div class=\"elementor-field-type-text elementor-field-group elementor-column elementor-field-group-name elementor-col-50 elementor-field-required\">\n\t\t\t\t\t\t\t\t\t\t\t\t\t<input size=\"1\" type=\"text\" name=\"form_fields[name]\" id=\"form-field-name\" class=\"elementor-field elementor-size-sm  elementor-field-textual\" placeholder=\"Name and surname\" required=\"required\" aria-required=\"true\">\n\t\t\t\t\t\t\t\t\t\t\t<\/div>\n\t\t\t\t\t\t\t\t<div class=\"elementor-field-type-email elementor-field-group elementor-column elementor-field-group-email elementor-col-50 elementor-field-required\">\n\t\t\t\t\t\t\t\t\t\t\t\t\t<input size=\"1\" type=\"email\" name=\"form_fields[email]\" id=\"form-field-email\" class=\"elementor-field elementor-size-sm  elementor-field-textual\" placeholder=\"E-mail\" required=\"required\" aria-required=\"true\">\n\t\t\t\t\t\t\t\t\t\t\t<\/div>\n\t\t\t\t\t\t\t\t<div class=\"elementor-field-type-text elementor-field-group elementor-column elementor-field-group-field_1a588cd elementor-col-50 elementor-field-required\">\n\t\t\t\t\t\t\t\t\t\t\t\t\t<input size=\"1\" type=\"text\" name=\"form_fields[field_1a588cd]\" id=\"form-field-field_1a588cd\" class=\"elementor-field elementor-size-sm  elementor-field-textual\" placeholder=\"Phone \" required=\"required\" aria-required=\"true\">\n\t\t\t\t\t\t\t\t\t\t\t<\/div>\n\t\t\t\t\t\t\t\t<div class=\"elementor-field-type-select elementor-field-group elementor-column elementor-field-group-field_8e77b0b elementor-col-50 elementor-field-required\">\n\t\t\t\t\t\t\t<div class=\"elementor-field elementor-select-wrapper \">\n\t\t\t<select name=\"form_fields[field_8e77b0b]\" id=\"form-field-field_8e77b0b\" class=\"elementor-field-textual elementor-size-sm\" required=\"required\" aria-required=\"true\">\n\t\t\t\t\t\t\t\t\t<option value=\"Selected service\">Selected service<\/option>\n\t\t\t\t\t\t\t\t\t<option value=\"Project Management\">Project Management<\/option>\n\t\t\t\t\t\t\t\t\t<option value=\"Cost Management\">Cost Management<\/option>\n\t\t\t\t\t\t\t\t\t<option value=\"Clients Technical Supervision\">Clients Technical Supervision<\/option>\n\t\t\t\t\t\t\t\t\t<option value=\"Health and Safety Coordinator\">Health and Safety Coordinator<\/option>\n\t\t\t\t\t\t\t\t\t<option value=\"Houses \/ Apartments handovers\">Houses \/ Apartments handovers<\/option>\n\t\t\t\t\t\t\t<\/select>\n\t\t<\/div>\n\t\t\t\t\t\t<\/div>\n\t\t\t\t\t\t\t\t<div class=\"elementor-field-type-textarea elementor-field-group elementor-column elementor-field-group-message elementor-col-100 elementor-field-required\">\n\t\t\t\t\t<textarea class=\"elementor-field-textual elementor-field  elementor-size-sm\" name=\"form_fields[message]\" id=\"form-field-message\" rows=\"4\" placeholder=\"Message\" required=\"required\" aria-required=\"true\"><\/textarea>\t\t\t\t<\/div>\n\t\t\t\t\t\t\t\t<div class=\"elementor-field-type-acceptance elementor-field-group elementor-column elementor-field-group-field_04b25b2 elementor-col-75 elementor-md-100 elementor-field-required\">\n\t\t\t\t\t\t\t<div class=\"elementor-field-subgroup\">\n\t\t\t<span class=\"elementor-field-option\">\n\t\t\t\t<input type=\"checkbox\" name=\"form_fields[field_04b25b2]\" id=\"form-field-field_04b25b2\" class=\"elementor-field elementor-size-sm  elementor-acceptance-field\" required=\"required\" aria-required=\"true\">\n\t\t\t\t<label for=\"form-field-field_04b25b2\">I agree with the processing of the given information<\/label>\t\t\t<\/span>\n\t\t<\/div>\n\t\t\t\t\t\t<\/div>\n\t\t\t\t\t\t\t\t<div class=\"elementor-field-group elementor-column elementor-field-type-submit elementor-col-25 e-form__buttons\">\n\t\t\t\t\t<button type=\"submit\" class=\"elementor-button elementor-size-sm\">\n\t\t\t\t\t\t<span >\n\t\t\t\t\t\t\t\t\t\t\t\t\t\t\t<span class=\"elementor-align-icon-right elementor-button-icon\">\n\t\t\t\t\t\t\t\t\t<i aria-hidden=\"true\" class=\"fas fa-long-arrow-alt-right\"><\/i>\t\t\t\t\t\t\t\t\t\t\t\t\t\t\t\t\t<\/span>\n\t\t\t\t\t\t\t\t\t\t\t\t\t\t\t\t\t\t\t\t\t\t<span class=\"elementor-button-text\">Send<\/span>\n\t\t\t\t\t\t\t\t\t\t\t\t\t<\/span>\n\t\t\t\t\t<\/button>\n\t\t\t\t<\/div>\n\t\t\t<\/div>\n\t\t<\/form>\n\t\t\t\t<\/div>\n\t\t\t\t<\/div>\n\t\t\t\t\t<\/div>\n\t\t<\/div>\n\t\t\t\t<div class=\"elementor-column elementor-col-50 elementor-top-column elementor-element elementor-element-401326cc\" data-id=\"401326cc\" data-element_type=\"column\">\n\t\t\t<div class=\"elementor-widget-wrap elementor-element-populated\">\n\t\t\t\t\t\t\t\t<div class=\"elementor-element elementor-element-8f02f9b elementor-widget elementor-widget-heading\" data-id=\"8f02f9b\" data-element_type=\"widget\" data-widget_type=\"heading.default\">\n\t\t\t\t<div class=\"elementor-widget-container\">\n\t\t\t<h2 class=\"elementor-heading-title elementor-size-default\">General information about the company <br> Building and Project Consultancy s.r.o. <\/h2>\t\t<\/div>\n\t\t\t\t<\/div>\n\t\t\t\t<div class=\"elementor-element elementor-element-499dbdf contact-box elementor-widget elementor-widget-text-editor\" data-id=\"499dbdf\" data-element_type=\"widget\" id=\"blue-text\" data-widget_type=\"text-editor.default\">\n\t\t\t\t<div class=\"elementor-widget-container\">\n\t\t\t\t\t\t\t<p>Residence:<\/p>\n<p>Saturnova 1227\/36, Uh\u0159\u00edn\u011bves,<br>104 00 Praha 10<\/p>\n<p>I\u010cO: 05928192<br>DI\u010c: CZ05928192<\/p>\n<p><span lang=\"en\"><span data-language-for-alternatives=\"en\" data-language-to-translate-into=\"cs\" data-phrase-index=\"0\" data-number-of-phrases=\"3\">Bank account: \u010ceskoslovensk\u00e1 obchodn\u00ed banka, a. s.<\/span><\/span><\/p>\n<p><span lang=\"en\"><span data-language-for-alternatives=\"en\" data-language-to-translate-into=\"cs\" data-phrase-index=\"2\" data-number-of-phrases=\"3\">Account No: 278726842\/0300<\/span><\/span><\/p>\n<p>Contact person:<\/p>\n<p>Ing. Luk\u00e1\u0161 Bady<br>+420 774 321 177<br>office@bpconsultancy.cz<\/p>\t\t\t\t\t\t<\/div>\n\t\t\t\t<\/div>\n\t\t\t\t<div class=\"elementor-element elementor-element-2a4168d elementor-widget elementor-widget-image\" data-id=\"2a4168d\" data-element_type=\"widget\" data-widget_type=\"image.default\">\n\t\t\t\t<div class=\"elementor-widget-container\">\n\t\t\t\t\t\t\t\t\t\t\t\t\t\t\t\t<a href=\"https:\/\/www.linkedin.com\/company\/building-and-project-consultancy-s-r-o\/\">\n\t\t\t\t\t\t\t<img loading=\"lazy\" decoding=\"async\" width=\"82\" height=\"82\" src=\"https:\/\/www.bpconsultancy.cz\/wp-content\/uploads\/2021\/09\/Group-15.png\" class=\"attachment-large size-large\" alt=\"\" \/>\t\t\t\t\t\t\t\t<\/a>\n\t\t\t\t\t\t\t\t\t\t\t\t\t\t\t<\/div>\n\t\t\t\t<\/div>\n\t\t\t\t\t<\/div>\n\t\t<\/div>\n\t\t\t\t\t\t\t<\/div>\n\t\t<\/section>\n\t\t\t\t\t\t<\/div>\n\t\t\t\t\t<\/div>\n\t\t","protected":false},"excerpt":{"rendered":"<p>Contact CONTACT FORM Write to us General information about the company Building and Project Consultancy s.r.o. Residence: Saturnova 1227\/36, Uh\u0159\u00edn\u011bves,104 00 Praha 10 I\u010cO: 05928192DI\u010c: CZ05928192 Bank account: \u010ceskoslovensk\u00e1 obchodn\u00ed banka, a. s. Account No: 278726842\/0300 Contact person: Ing. Luk\u00e1\u0161 Bady+420 774 321 177office@bpconsultancy.cz<\/p>\n","protected":false},"author":2,"featured_media":1774,"parent":0,"menu_order":0,"comment_status":"closed","ping_status":"closed","template":"elementor_header_footer","meta":{"footnotes":""},"class_list":["post-1809","page","type-page","status-publish","has-post-thumbnail","hentry"],"yoast_head":"<!-- This site is optimized with the Yoast SEO plugin v18.2 - https:\/\/yoast.com\/wordpress\/plugins\/seo\/ -->\n<title>Contact - Engineering and management services in the field of construction<\/title>\n<meta name=\"description\" content=\"Gain an edge over the competition with professional management. Project management, technical supervision.\" \/>\n<meta name=\"robots\" content=\"index, follow, max-snippet:-1, max-image-preview:large, max-video-preview:-1\" \/>\n<link rel=\"canonical\" href=\"https:\/\/www.bpconsultancy.cz\/en\/kontakt\/\" \/>\n<meta property=\"og:locale\" content=\"en_US\" \/>\n<meta property=\"og:type\" content=\"article\" \/>\n<meta property=\"og:title\" content=\"Contact - Engineering and management services in the field of construction\" \/>\n<meta property=\"og:description\" content=\"Gain an edge over the competition with professional management. Project management, technical supervision.\" \/>\n<meta property=\"og:url\" content=\"https:\/\/www.bpconsultancy.cz\/kontakt\/\" \/>\n<meta property=\"og:site_name\" content=\"Building and Project Consultancy s.r.o.\" \/>\n<meta property=\"article:modified_time\" content=\"2025-02-25T07:47:52+00:00\" \/>\n<meta property=\"og:image\" content=\"https:\/\/www.bpconsultancy.cz\/wp-content\/uploads\/2022\/01\/bpc-icon.jpg\" \/>\n\t<meta property=\"og:image:width\" content=\"512\" \/>\n\t<meta property=\"og:image:height\" content=\"512\" \/>\n\t<meta property=\"og:image:type\" content=\"image\/jpeg\" \/>\n<meta name=\"twitter:card\" content=\"summary_large_image\" \/>\n<meta name=\"twitter:label1\" content=\"Est. reading time\" \/>\n\t<meta name=\"twitter:data1\" content=\"1 minute\" \/>\n<script type=\"application\/ld+json\" class=\"yoast-schema-graph\">{\"@context\":\"https:\/\/schema.org\",\"@graph\":[{\"@type\":\"WebSite\",\"@id\":\"https:\/\/www.bpconsultancy.cz\/#website\",\"url\":\"https:\/\/www.bpconsultancy.cz\/\",\"name\":\"Building and Project Consultancy s.r.o.\",\"description\":\"Konzulta\u010dn\u00ed, in\u017een\u00fdrsk\u00e9 a mana\u017eersk\u00e9 slu\u017eby ve stavebnictv\u00ed\",\"potentialAction\":[{\"@type\":\"SearchAction\",\"target\":{\"@type\":\"EntryPoint\",\"urlTemplate\":\"https:\/\/www.bpconsultancy.cz\/?s={search_term_string}\"},\"query-input\":\"required name=search_term_string\"}],\"inLanguage\":\"en-US\"},{\"@type\":\"ImageObject\",\"@id\":\"https:\/\/www.bpconsultancy.cz\/kontakt\/#primaryimage\",\"inLanguage\":\"en-US\",\"url\":\"https:\/\/www.bpconsultancy.cz\/wp-content\/uploads\/2022\/01\/bpc-icon.jpg\",\"contentUrl\":\"https:\/\/www.bpconsultancy.cz\/wp-content\/uploads\/2022\/01\/bpc-icon.jpg\",\"width\":512,\"height\":512},{\"@type\":\"WebPage\",\"@id\":\"https:\/\/www.bpconsultancy.cz\/kontakt\/#webpage\",\"url\":\"https:\/\/www.bpconsultancy.cz\/kontakt\/\",\"name\":\"Contact - Engineering and management services in the field of construction\",\"isPartOf\":{\"@id\":\"https:\/\/www.bpconsultancy.cz\/#website\"},\"primaryImageOfPage\":{\"@id\":\"https:\/\/www.bpconsultancy.cz\/kontakt\/#primaryimage\"},\"datePublished\":\"2022-02-13T18:46:34+00:00\",\"dateModified\":\"2025-02-25T07:47:52+00:00\",\"description\":\"Gain an edge over the competition with professional management. Project management, technical supervision.\",\"breadcrumb\":{\"@id\":\"https:\/\/www.bpconsultancy.cz\/kontakt\/#breadcrumb\"},\"inLanguage\":\"en-US\",\"potentialAction\":[{\"@type\":\"ReadAction\",\"target\":[\"https:\/\/www.bpconsultancy.cz\/kontakt\/\"]}]},{\"@type\":\"BreadcrumbList\",\"@id\":\"https:\/\/www.bpconsultancy.cz\/kontakt\/#breadcrumb\",\"itemListElement\":[{\"@type\":\"ListItem\",\"position\":1,\"name\":\"Dom\u016f\",\"item\":\"https:\/\/www.bpconsultancy.cz\/\"},{\"@type\":\"ListItem\",\"position\":2,\"name\":\"Contact\"}]}]}<\/script>\n<!-- \/ Yoast SEO plugin. -->","yoast_head_json":{"title":"Contact - Engineering and management services in the field of construction","description":"Gain an edge over the competition with professional management. Project management, technical supervision.","robots":{"index":"index","follow":"follow","max-snippet":"max-snippet:-1","max-image-preview":"max-image-preview:large","max-video-preview":"max-video-preview:-1"},"canonical":"https:\/\/www.bpconsultancy.cz\/en\/kontakt\/","og_locale":"en_US","og_type":"article","og_title":"Contact - Engineering and management services in the field of construction","og_description":"Gain an edge over the competition with professional management. Project management, technical supervision.","og_url":"https:\/\/www.bpconsultancy.cz\/kontakt\/","og_site_name":"Building and Project Consultancy s.r.o.","article_modified_time":"2025-02-25T07:47:52+00:00","og_image":[{"width":512,"height":512,"url":"https:\/\/www.bpconsultancy.cz\/wp-content\/uploads\/2022\/01\/bpc-icon.jpg","type":"image\/jpeg"}],"twitter_card":"summary_large_image","twitter_misc":{"Est. reading time":"1 minute"},"schema":{"@context":"https:\/\/schema.org","@graph":[{"@type":"WebSite","@id":"https:\/\/www.bpconsultancy.cz\/#website","url":"https:\/\/www.bpconsultancy.cz\/","name":"Building and Project Consultancy s.r.o.","description":"Konzulta\u010dn\u00ed, in\u017een\u00fdrsk\u00e9 a mana\u017eersk\u00e9 slu\u017eby ve stavebnictv\u00ed","potentialAction":[{"@type":"SearchAction","target":{"@type":"EntryPoint","urlTemplate":"https:\/\/www.bpconsultancy.cz\/?s={search_term_string}"},"query-input":"required name=search_term_string"}],"inLanguage":"en-US"},{"@type":"ImageObject","@id":"https:\/\/www.bpconsultancy.cz\/kontakt\/#primaryimage","inLanguage":"en-US","url":"https:\/\/www.bpconsultancy.cz\/wp-content\/uploads\/2022\/01\/bpc-icon.jpg","contentUrl":"https:\/\/www.bpconsultancy.cz\/wp-content\/uploads\/2022\/01\/bpc-icon.jpg","width":512,"height":512},{"@type":"WebPage","@id":"https:\/\/www.bpconsultancy.cz\/kontakt\/#webpage","url":"https:\/\/www.bpconsultancy.cz\/kontakt\/","name":"Contact - Engineering and management services in the field of construction","isPartOf":{"@id":"https:\/\/www.bpconsultancy.cz\/#website"},"primaryImageOfPage":{"@id":"https:\/\/www.bpconsultancy.cz\/kontakt\/#primaryimage"},"datePublished":"2022-02-13T18:46:34+00:00","dateModified":"2025-02-25T07:47:52+00:00","description":"Gain an edge over the competition with professional management. Project management, technical supervision.","breadcrumb":{"@id":"https:\/\/www.bpconsultancy.cz\/kontakt\/#breadcrumb"},"inLanguage":"en-US","potentialAction":[{"@type":"ReadAction","target":["https:\/\/www.bpconsultancy.cz\/kontakt\/"]}]},{"@type":"BreadcrumbList","@id":"https:\/\/www.bpconsultancy.cz\/kontakt\/#breadcrumb","itemListElement":[{"@type":"ListItem","position":1,"name":"Dom\u016f","item":"https:\/\/www.bpconsultancy.cz\/"},{"@type":"ListItem","position":2,"name":"Contact"}]}]}},"_links":{"self":[{"href":"https:\/\/www.bpconsultancy.cz\/en\/wp-json\/wp\/v2\/pages\/1809","targetHints":{"allow":["GET"]}}],"collection":[{"href":"https:\/\/www.bpconsultancy.cz\/en\/wp-json\/wp\/v2\/pages"}],"about":[{"href":"https:\/\/www.bpconsultancy.cz\/en\/wp-json\/wp\/v2\/types\/page"}],"author":[{"embeddable":true,"href":"https:\/\/www.bpconsultancy.cz\/en\/wp-json\/wp\/v2\/users\/2"}],"replies":[{"embeddable":true,"href":"https:\/\/www.bpconsultancy.cz\/en\/wp-json\/wp\/v2\/comments?post=1809"}],"version-history":[{"count":27,"href":"https:\/\/www.bpconsultancy.cz\/en\/wp-json\/wp\/v2\/pages\/1809\/revisions"}],"predecessor-version":[{"id":2339,"href":"https:\/\/www.bpconsultancy.cz\/en\/wp-json\/wp\/v2\/pages\/1809\/revisions\/2339"}],"wp:featuredmedia":[{"embeddable":true,"href":"https:\/\/www.bpconsultancy.cz\/en\/wp-json\/wp\/v2\/media\/1774"}],"wp:attachment":[{"href":"https:\/\/www.bpconsultancy.cz\/en\/wp-json\/wp\/v2\/media?parent=1809"}],"curies":[{"name":"wp","href":"https:\/\/api.w.org\/{rel}","templated":true}]}}