{"id":1811,"date":"2022-02-13T19:59:25","date_gmt":"2022-02-13T18:59:25","guid":{"rendered":"https:\/\/www.bpconsultancy.cz\/health-and-safety-coordinator\/"},"modified":"2022-04-05T11:14:22","modified_gmt":"2022-04-05T09:14:22","slug":"health-and-safety-coordinator","status":"publish","type":"page","link":"https:\/\/www.bpconsultancy.cz\/en\/health-and-safety-coordinator\/","title":{"rendered":"Health and Safety Coordinator"},"content":{"rendered":"\t\t<div data-elementor-type=\"wp-page\" data-elementor-id=\"1811\" class=\"elementor elementor-1811\" data-elementor-settings=\"[]\">\n\t\t\t\t\t\t\t<div class=\"elementor-section-wrap\">\n\t\t\t\t\t\t\t<section class=\"elementor-section elementor-top-section elementor-element elementor-element-66a90ab elementor-section-full_width elementor-section-height-min-height elementor-section-height-default elementor-section-items-middle\" data-id=\"66a90ab\" data-element_type=\"section\" data-settings=\"{&quot;background_background&quot;:&quot;classic&quot;}\">\n\t\t\t\t\t\t<div class=\"elementor-container elementor-column-gap-no\">\n\t\t\t\t\t<div class=\"elementor-column elementor-col-100 elementor-top-column elementor-element elementor-element-5d222cb\" data-id=\"5d222cb\" data-element_type=\"column\">\n\t\t\t<div class=\"elementor-widget-wrap\">\n\t\t\t\t\t\t\t\t\t<\/div>\n\t\t<\/div>\n\t\t\t\t\t\t\t<\/div>\n\t\t<\/section>\n\t\t\t\t<section class=\"elementor-section elementor-top-section elementor-element elementor-element-c020abe elementor-section-boxed elementor-section-height-default elementor-section-height-default\" data-id=\"c020abe\" data-element_type=\"section\">\n\t\t\t\t\t\t<div class=\"elementor-container elementor-column-gap-wider\">\n\t\t\t\t\t<div class=\"elementor-column elementor-col-50 elementor-top-column elementor-element elementor-element-6e795726\" data-id=\"6e795726\" data-element_type=\"column\">\n\t\t\t<div class=\"elementor-widget-wrap elementor-element-populated\">\n\t\t\t\t\t\t\t\t<div class=\"elementor-element elementor-element-77d0a934 elementor-widget elementor-widget-heading\" data-id=\"77d0a934\" data-element_type=\"widget\" data-widget_type=\"heading.default\">\n\t\t\t\t<div class=\"elementor-widget-container\">\n\t\t\t<h1 class=\"elementor-heading-title elementor-size-default\">Health and Safety Coordinator<\/h1>\t\t<\/div>\n\t\t\t\t<\/div>\n\t\t\t\t<div class=\"elementor-element elementor-element-7ba36c3e elementor-widget elementor-widget-text-editor\" data-id=\"7ba36c3e\" data-element_type=\"widget\" data-widget_type=\"text-editor.default\">\n\t\t\t\t<div class=\"elementor-widget-container\">\n\t\t\t\t\t\t\t<p>The main task of the Health and Safety Coordinator at the construction site is to coordinate the safety of all participants in the construction both in the preparation and procurement.<\/p><p>The activity of the Health and Safety Coordinator is defined by Act No. 309\/2006 Coll. and amended by Government Decree No. 591\/2006 Coll. The Health and Safety Coordinator must be appointed on all construction sites where more than one contractor will operate and the scope of the construction will exceed the set limits.\u00a0<\/p><p>During the construction, the Health and Safety Coordinator primarily prepares the health and safety plan, notify the contractor of failing in the application of health and safety requirements found at the workplace, and gives suggestions and recommends technical solutions to ensure health and safety on the construction site. He also monitors compliance with the health and safety plan and, if appropriate, calls and manages health and safety inspection days.<\/p><p>&#8211; Preparation of the health and safety plan in the design phase<br \/>&#8211; Announcement of the commencement of work at the Labor Safety Inspectorate<br \/>&#8211; Development of the procurement plan for health and safety coordination<br \/>&#8211; Regular inspection of compliance with the health and safety plan on the construction site<br \/>&#8211; Final Health and Safety Report<\/p>\t\t\t\t\t\t<\/div>\n\t\t\t\t<\/div>\n\t\t\t\t\t<\/div>\n\t\t<\/div>\n\t\t\t\t<div class=\"elementor-column elementor-col-50 elementor-top-column elementor-element elementor-element-ad8b3e5\" data-id=\"ad8b3e5\" data-element_type=\"column\" data-settings=\"{&quot;background_background&quot;:&quot;classic&quot;}\">\n\t\t\t<div class=\"elementor-widget-wrap elementor-element-populated\">\n\t\t\t\t\t\t\t\t<section class=\"elementor-section elementor-inner-section elementor-element elementor-element-b550ef6 elementor-section-boxed elementor-section-height-default elementor-section-height-default\" data-id=\"b550ef6\" data-element_type=\"section\" data-settings=\"{&quot;background_background&quot;:&quot;classic&quot;}\">\n\t\t\t\t\t\t<div class=\"elementor-container elementor-column-gap-default\">\n\t\t\t\t\t<div class=\"elementor-column elementor-col-100 elementor-inner-column elementor-element elementor-element-a4e21d7\" data-id=\"a4e21d7\" data-element_type=\"column\">\n\t\t\t<div class=\"elementor-widget-wrap elementor-element-populated\">\n\t\t\t\t\t\t\t\t<div class=\"elementor-element elementor-element-377d024 elementor-widget elementor-widget-heading\" data-id=\"377d024\" data-element_type=\"widget\" data-widget_type=\"heading.default\">\n\t\t\t\t<div class=\"elementor-widget-container\">\n\t\t\t<h2 class=\"elementor-heading-title elementor-size-default\">Make an appointment with us <\/h2>\t\t<\/div>\n\t\t\t\t<\/div>\n\t\t\t\t<div class=\"elementor-element elementor-element-6fde33f elementor-widget elementor-widget-text-editor\" data-id=\"6fde33f\" data-element_type=\"widget\" data-widget_type=\"text-editor.default\">\n\t\t\t\t<div class=\"elementor-widget-container\">\n\t\t\t\t\t\t\t<p><span class=\"VIiyi\" lang=\"en\"><span class=\"JLqJ4b ChMk0b\" data-language-for-alternatives=\"en\" data-language-to-translate-into=\"cs\" data-phrase-index=\"0\" data-number-of-phrases=\"1\">Contact us and we will personally discuss your needs.<\/span><\/span><\/p>\n\t\t\t\t\t\t<\/div>\n\t\t\t\t<\/div>\n\t\t\t\t<div class=\"elementor-element elementor-element-a22979f elementor-widget elementor-widget-image\" data-id=\"a22979f\" data-element_type=\"widget\" data-widget_type=\"image.default\">\n\t\t\t\t<div class=\"elementor-widget-container\">\n\t\t\t\t\t\t\t\t\t\t\t\t\t\t\t\t<a href=\"https:\/\/www.bpconsultancy.cz\/contact\/?lang=en\">\n\t\t\t\t\t\t\t<img loading=\"lazy\" decoding=\"async\" width=\"56\" height=\"56\" src=\"https:\/\/www.bpconsultancy.cz\/wp-content\/uploads\/2021\/09\/button-2.png\" class=\"attachment-large size-large\" alt=\"\" \/>\t\t\t\t\t\t\t\t<\/a>\n\t\t\t\t\t\t\t\t\t\t\t\t\t\t\t<\/div>\n\t\t\t\t<\/div>\n\t\t\t\t\t<\/div>\n\t\t<\/div>\n\t\t\t\t\t\t\t<\/div>\n\t\t<\/section>\n\t\t\t\t\t<\/div>\n\t\t<\/div>\n\t\t\t\t\t\t\t<\/div>\n\t\t<\/section>\n\t\t\t\t<section class=\"elementor-section elementor-top-section elementor-element elementor-element-3ff3b26a elementor-section-height-min-height elementor-section-boxed elementor-section-height-default elementor-section-items-middle\" data-id=\"3ff3b26a\" data-element_type=\"section\">\n\t\t\t\t\t\t<div class=\"elementor-container elementor-column-gap-no\">\n\t\t\t\t\t<div class=\"elementor-column elementor-col-100 elementor-top-column elementor-element elementor-element-77885c69\" data-id=\"77885c69\" data-element_type=\"column\">\n\t\t\t<div class=\"elementor-widget-wrap elementor-element-populated\">\n\t\t\t\t\t\t\t\t<div class=\"elementor-element elementor-element-c64446f elementor-widget elementor-widget-heading\" data-id=\"c64446f\" data-element_type=\"widget\" data-widget_type=\"heading.default\">\n\t\t\t\t<div class=\"elementor-widget-container\">\n\t\t\t<h2 class=\"elementor-heading-title elementor-size-default\">Other Services<\/h2>\t\t<\/div>\n\t\t\t\t<\/div>\n\t\t\t\t\t<\/div>\n\t\t<\/div>\n\t\t\t\t\t\t\t<\/div>\n\t\t<\/section>\n\t\t\t\t<section class=\"elementor-section elementor-top-section elementor-element elementor-element-48d22f82 elementor-section-boxed elementor-section-height-default elementor-section-height-default\" data-id=\"48d22f82\" data-element_type=\"section\">\n\t\t\t\t\t\t<div class=\"elementor-container elementor-column-gap-wide\">\n\t\t\t\t\t<div class=\"elementor-column elementor-col-25 elementor-top-column elementor-element elementor-element-3623e1cc\" data-id=\"3623e1cc\" data-element_type=\"column\">\n\t\t\t<div class=\"elementor-widget-wrap elementor-element-populated\">\n\t\t\t\t\t\t\t\t<div class=\"elementor-element elementor-element-58aed217 elementor-widget elementor-widget-heading\" data-id=\"58aed217\" data-element_type=\"widget\" data-widget_type=\"heading.default\">\n\t\t\t\t<div class=\"elementor-widget-container\">\n\t\t\t<h2 class=\"elementor-heading-title elementor-size-default\">Cost Management<\/h2>\t\t<\/div>\n\t\t\t\t<\/div>\n\t\t\t\t<div class=\"elementor-element elementor-element-5222333b elementor-widget elementor-widget-image\" data-id=\"5222333b\" data-element_type=\"widget\" data-widget_type=\"image.default\">\n\t\t\t\t<div class=\"elementor-widget-container\">\n\t\t\t\t\t\t\t\t\t\t\t\t\t\t\t\t<a href=\"https:\/\/www.bpconsultancy.cz\/cost-management\/?lang=en\">\n\t\t\t\t\t\t\t<img loading=\"lazy\" decoding=\"async\" width=\"56\" height=\"56\" src=\"https:\/\/www.bpconsultancy.cz\/wp-content\/uploads\/2021\/09\/button.png\" class=\"attachment-large size-large\" alt=\"\" \/>\t\t\t\t\t\t\t\t<\/a>\n\t\t\t\t\t\t\t\t\t\t\t\t\t\t\t<\/div>\n\t\t\t\t<\/div>\n\t\t\t\t\t<\/div>\n\t\t<\/div>\n\t\t\t\t<div class=\"elementor-column elementor-col-25 elementor-top-column elementor-element elementor-element-2e3ab26f\" data-id=\"2e3ab26f\" data-element_type=\"column\">\n\t\t\t<div class=\"elementor-widget-wrap elementor-element-populated\">\n\t\t\t\t\t\t\t\t<div class=\"elementor-element elementor-element-1b269126 elementor-widget elementor-widget-heading\" data-id=\"1b269126\" data-element_type=\"widget\" data-widget_type=\"heading.default\">\n\t\t\t\t<div class=\"elementor-widget-container\">\n\t\t\t<h2 class=\"elementor-heading-title elementor-size-default\">Clients Technical Supervision<\/h2>\t\t<\/div>\n\t\t\t\t<\/div>\n\t\t\t\t<div class=\"elementor-element elementor-element-1b2ea709 elementor-widget elementor-widget-image\" data-id=\"1b2ea709\" data-element_type=\"widget\" data-widget_type=\"image.default\">\n\t\t\t\t<div class=\"elementor-widget-container\">\n\t\t\t\t\t\t\t\t\t\t\t\t\t\t\t\t<a href=\"https:\/\/www.bpconsultancy.cz\/technical-supervision\/?lang=en\">\n\t\t\t\t\t\t\t<img loading=\"lazy\" decoding=\"async\" width=\"56\" height=\"56\" src=\"https:\/\/www.bpconsultancy.cz\/wp-content\/uploads\/2021\/09\/button.png\" class=\"attachment-large size-large\" alt=\"\" \/>\t\t\t\t\t\t\t\t<\/a>\n\t\t\t\t\t\t\t\t\t\t\t\t\t\t\t<\/div>\n\t\t\t\t<\/div>\n\t\t\t\t\t<\/div>\n\t\t<\/div>\n\t\t\t\t<div class=\"elementor-column elementor-col-25 elementor-top-column elementor-element elementor-element-a71a3ec\" data-id=\"a71a3ec\" data-element_type=\"column\">\n\t\t\t<div class=\"elementor-widget-wrap elementor-element-populated\">\n\t\t\t\t\t\t\t\t<div class=\"elementor-element elementor-element-13e94c2f elementor-widget elementor-widget-heading\" data-id=\"13e94c2f\" data-element_type=\"widget\" data-widget_type=\"heading.default\">\n\t\t\t\t<div class=\"elementor-widget-container\">\n\t\t\t<h2 class=\"elementor-heading-title elementor-size-default\">Project Management<\/h2>\t\t<\/div>\n\t\t\t\t<\/div>\n\t\t\t\t<div class=\"elementor-element elementor-element-d533ad1 elementor-widget elementor-widget-image\" data-id=\"d533ad1\" data-element_type=\"widget\" data-widget_type=\"image.default\">\n\t\t\t\t<div class=\"elementor-widget-container\">\n\t\t\t\t\t\t\t\t\t\t\t\t\t\t\t\t<a href=\"https:\/\/www.bpconsultancy.cz\/project-management\/?lang=en\">\n\t\t\t\t\t\t\t<img loading=\"lazy\" decoding=\"async\" width=\"56\" height=\"56\" src=\"https:\/\/www.bpconsultancy.cz\/wp-content\/uploads\/2021\/09\/button.png\" class=\"attachment-large size-large\" alt=\"\" \/>\t\t\t\t\t\t\t\t<\/a>\n\t\t\t\t\t\t\t\t\t\t\t\t\t\t\t<\/div>\n\t\t\t\t<\/div>\n\t\t\t\t\t<\/div>\n\t\t<\/div>\n\t\t\t\t<div class=\"elementor-column elementor-col-25 elementor-top-column elementor-element elementor-element-de2d3d1\" data-id=\"de2d3d1\" data-element_type=\"column\">\n\t\t\t<div class=\"elementor-widget-wrap elementor-element-populated\">\n\t\t\t\t\t\t\t\t<div class=\"elementor-element elementor-element-1b70d570 elementor-widget elementor-widget-heading\" data-id=\"1b70d570\" data-element_type=\"widget\" data-widget_type=\"heading.default\">\n\t\t\t\t<div class=\"elementor-widget-container\">\n\t\t\t<h2 class=\"elementor-heading-title elementor-size-default\">Apartments\/Houses Handovers\u200b<\/h2>\t\t<\/div>\n\t\t\t\t<\/div>\n\t\t\t\t<div class=\"elementor-element elementor-element-485acfd4 elementor-widget elementor-widget-image\" data-id=\"485acfd4\" data-element_type=\"widget\" data-widget_type=\"image.default\">\n\t\t\t\t<div class=\"elementor-widget-container\">\n\t\t\t\t\t\t\t\t\t\t\t\t\t\t\t\t<a href=\"https:\/\/www.bpconsultancy.cz\/houses-apartments-handovers\/?lang=en\">\n\t\t\t\t\t\t\t<img loading=\"lazy\" decoding=\"async\" width=\"56\" height=\"56\" src=\"https:\/\/www.bpconsultancy.cz\/wp-content\/uploads\/2021\/09\/button.png\" class=\"attachment-large size-large\" alt=\"\" \/>\t\t\t\t\t\t\t\t<\/a>\n\t\t\t\t\t\t\t\t\t\t\t\t\t\t\t<\/div>\n\t\t\t\t<\/div>\n\t\t\t\t\t<\/div>\n\t\t<\/div>\n\t\t\t\t\t\t\t<\/div>\n\t\t<\/section>\n\t\t\t\t\t\t<\/div>\n\t\t\t\t\t<\/div>\n\t\t","protected":false},"excerpt":{"rendered":"<p>Health and Safety Coordinator The main task of the Health and Safety Coordinator at the construction site is to coordinate the safety of all participants in the construction both in the preparation and procurement. The activity of the Health and Safety Coordinator is defined by Act No. 309\/2006 Coll. and amended by Government Decree No. [&hellip;]<\/p>\n","protected":false},"author":2,"featured_media":1449,"parent":0,"menu_order":0,"comment_status":"closed","ping_status":"closed","template":"elementor_header_footer","meta":{"footnotes":""},"class_list":["post-1811","page","type-page","status-publish","has-post-thumbnail","hentry"],"yoast_head":"<!-- This site is optimized with the Yoast SEO plugin v18.2 - https:\/\/yoast.com\/wordpress\/plugins\/seo\/ -->\n<title>Health and Safety Coordinator - Building and Project Consultancy s.r.o.<\/title>\n<meta name=\"description\" content=\"The health and safety coordinator must be appointed on all construction sites where more than one contractor will operate and the scope of the construction.\" \/>\n<meta name=\"robots\" content=\"index, follow, max-snippet:-1, max-image-preview:large, max-video-preview:-1\" \/>\n<link rel=\"canonical\" href=\"https:\/\/www.bpconsultancy.cz\/en\/health-and-safety-coordinator\/\" \/>\n<meta property=\"og:locale\" content=\"en_US\" \/>\n<meta property=\"og:type\" content=\"article\" \/>\n<meta property=\"og:title\" content=\"Health and Safety Coordinator - Building and Project Consultancy s.r.o.\" \/>\n<meta property=\"og:description\" content=\"The health and safety coordinator must be appointed on all construction sites where more than one contractor will operate and the scope of the construction.\" \/>\n<meta property=\"og:url\" content=\"https:\/\/www.bpconsultancy.cz\/en\/health-and-safety-coordinator\/\" \/>\n<meta property=\"og:site_name\" content=\"Building and Project Consultancy s.r.o.\" \/>\n<meta property=\"article:modified_time\" content=\"2022-04-05T09:14:22+00:00\" \/>\n<meta property=\"og:image\" content=\"https:\/\/www.bpconsultancy.cz\/wp-content\/uploads\/2022\/01\/Foto-dron-tr\u030cebes\u030ci\u0301n32-1-scaled.jpg\" \/>\n\t<meta property=\"og:image:width\" content=\"2560\" \/>\n\t<meta property=\"og:image:height\" content=\"1706\" \/>\n\t<meta property=\"og:image:type\" content=\"image\/jpeg\" \/>\n<meta name=\"twitter:card\" content=\"summary_large_image\" \/>\n<meta name=\"twitter:label1\" content=\"Est. reading time\" \/>\n\t<meta name=\"twitter:data1\" content=\"3 minutes\" \/>\n<script type=\"application\/ld+json\" class=\"yoast-schema-graph\">{\"@context\":\"https:\/\/schema.org\",\"@graph\":[{\"@type\":\"WebSite\",\"@id\":\"https:\/\/www.bpconsultancy.cz\/#website\",\"url\":\"https:\/\/www.bpconsultancy.cz\/\",\"name\":\"Building and Project Consultancy s.r.o.\",\"description\":\"Konzulta\u010dn\u00ed, in\u017een\u00fdrsk\u00e9 a mana\u017eersk\u00e9 slu\u017eby ve stavebnictv\u00ed\",\"potentialAction\":[{\"@type\":\"SearchAction\",\"target\":{\"@type\":\"EntryPoint\",\"urlTemplate\":\"https:\/\/www.bpconsultancy.cz\/?s={search_term_string}\"},\"query-input\":\"required name=search_term_string\"}],\"inLanguage\":\"en-US\"},{\"@type\":\"ImageObject\",\"@id\":\"https:\/\/www.bpconsultancy.cz\/en\/health-and-safety-coordinator\/#primaryimage\",\"inLanguage\":\"en-US\",\"url\":\"https:\/\/www.bpconsultancy.cz\/wp-content\/uploads\/2022\/01\/Foto-dron-tr\u030cebes\u030ci\u0301n32-1-scaled.jpg\",\"contentUrl\":\"https:\/\/www.bpconsultancy.cz\/wp-content\/uploads\/2022\/01\/Foto-dron-tr\u030cebes\u030ci\u0301n32-1-scaled.jpg\",\"width\":2560,\"height\":1706},{\"@type\":\"WebPage\",\"@id\":\"https:\/\/www.bpconsultancy.cz\/en\/health-and-safety-coordinator\/#webpage\",\"url\":\"https:\/\/www.bpconsultancy.cz\/en\/health-and-safety-coordinator\/\",\"name\":\"Health and Safety Coordinator - Building and Project Consultancy s.r.o.\",\"isPartOf\":{\"@id\":\"https:\/\/www.bpconsultancy.cz\/#website\"},\"primaryImageOfPage\":{\"@id\":\"https:\/\/www.bpconsultancy.cz\/en\/health-and-safety-coordinator\/#primaryimage\"},\"datePublished\":\"2022-02-13T18:59:25+00:00\",\"dateModified\":\"2022-04-05T09:14:22+00:00\",\"description\":\"The health and safety coordinator must be appointed on all construction sites where more than one contractor will operate and the scope of the construction.\",\"breadcrumb\":{\"@id\":\"https:\/\/www.bpconsultancy.cz\/en\/health-and-safety-coordinator\/#breadcrumb\"},\"inLanguage\":\"en-US\",\"potentialAction\":[{\"@type\":\"ReadAction\",\"target\":[\"https:\/\/www.bpconsultancy.cz\/en\/health-and-safety-coordinator\/\"]}]},{\"@type\":\"BreadcrumbList\",\"@id\":\"https:\/\/www.bpconsultancy.cz\/en\/health-and-safety-coordinator\/#breadcrumb\",\"itemListElement\":[{\"@type\":\"ListItem\",\"position\":1,\"name\":\"Dom\u016f\",\"item\":\"https:\/\/www.bpconsultancy.cz\/\"},{\"@type\":\"ListItem\",\"position\":2,\"name\":\"Health and Safety Coordinator\"}]}]}<\/script>\n<!-- \/ Yoast SEO plugin. -->","yoast_head_json":{"title":"Health and Safety Coordinator - Building and Project Consultancy s.r.o.","description":"The health and safety coordinator must be appointed on all construction sites where more than one contractor will operate and the scope of the construction.","robots":{"index":"index","follow":"follow","max-snippet":"max-snippet:-1","max-image-preview":"max-image-preview:large","max-video-preview":"max-video-preview:-1"},"canonical":"https:\/\/www.bpconsultancy.cz\/en\/health-and-safety-coordinator\/","og_locale":"en_US","og_type":"article","og_title":"Health and Safety Coordinator - Building and Project Consultancy s.r.o.","og_description":"The health and safety coordinator must be appointed on all construction sites where more than one contractor will operate and the scope of the construction.","og_url":"https:\/\/www.bpconsultancy.cz\/en\/health-and-safety-coordinator\/","og_site_name":"Building and Project Consultancy s.r.o.","article_modified_time":"2022-04-05T09:14:22+00:00","og_image":[{"width":2560,"height":1706,"url":"https:\/\/www.bpconsultancy.cz\/wp-content\/uploads\/2022\/01\/Foto-dron-tr\u030cebes\u030ci\u0301n32-1-scaled.jpg","type":"image\/jpeg"}],"twitter_card":"summary_large_image","twitter_misc":{"Est. reading time":"3 minutes"},"schema":{"@context":"https:\/\/schema.org","@graph":[{"@type":"WebSite","@id":"https:\/\/www.bpconsultancy.cz\/#website","url":"https:\/\/www.bpconsultancy.cz\/","name":"Building and Project Consultancy s.r.o.","description":"Konzulta\u010dn\u00ed, in\u017een\u00fdrsk\u00e9 a mana\u017eersk\u00e9 slu\u017eby ve stavebnictv\u00ed","potentialAction":[{"@type":"SearchAction","target":{"@type":"EntryPoint","urlTemplate":"https:\/\/www.bpconsultancy.cz\/?s={search_term_string}"},"query-input":"required name=search_term_string"}],"inLanguage":"en-US"},{"@type":"ImageObject","@id":"https:\/\/www.bpconsultancy.cz\/en\/health-and-safety-coordinator\/#primaryimage","inLanguage":"en-US","url":"https:\/\/www.bpconsultancy.cz\/wp-content\/uploads\/2022\/01\/Foto-dron-tr\u030cebes\u030ci\u0301n32-1-scaled.jpg","contentUrl":"https:\/\/www.bpconsultancy.cz\/wp-content\/uploads\/2022\/01\/Foto-dron-tr\u030cebes\u030ci\u0301n32-1-scaled.jpg","width":2560,"height":1706},{"@type":"WebPage","@id":"https:\/\/www.bpconsultancy.cz\/en\/health-and-safety-coordinator\/#webpage","url":"https:\/\/www.bpconsultancy.cz\/en\/health-and-safety-coordinator\/","name":"Health and Safety Coordinator - Building and Project Consultancy s.r.o.","isPartOf":{"@id":"https:\/\/www.bpconsultancy.cz\/#website"},"primaryImageOfPage":{"@id":"https:\/\/www.bpconsultancy.cz\/en\/health-and-safety-coordinator\/#primaryimage"},"datePublished":"2022-02-13T18:59:25+00:00","dateModified":"2022-04-05T09:14:22+00:00","description":"The health and safety coordinator must be appointed on all construction sites where more than one contractor will operate and the scope of the construction.","breadcrumb":{"@id":"https:\/\/www.bpconsultancy.cz\/en\/health-and-safety-coordinator\/#breadcrumb"},"inLanguage":"en-US","potentialAction":[{"@type":"ReadAction","target":["https:\/\/www.bpconsultancy.cz\/en\/health-and-safety-coordinator\/"]}]},{"@type":"BreadcrumbList","@id":"https:\/\/www.bpconsultancy.cz\/en\/health-and-safety-coordinator\/#breadcrumb","itemListElement":[{"@type":"ListItem","position":1,"name":"Dom\u016f","item":"https:\/\/www.bpconsultancy.cz\/"},{"@type":"ListItem","position":2,"name":"Health and Safety Coordinator"}]}]}},"_links":{"self":[{"href":"https:\/\/www.bpconsultancy.cz\/en\/wp-json\/wp\/v2\/pages\/1811","targetHints":{"allow":["GET"]}}],"collection":[{"href":"https:\/\/www.bpconsultancy.cz\/en\/wp-json\/wp\/v2\/pages"}],"about":[{"href":"https:\/\/www.bpconsultancy.cz\/en\/wp-json\/wp\/v2\/types\/page"}],"author":[{"embeddable":true,"href":"https:\/\/www.bpconsultancy.cz\/en\/wp-json\/wp\/v2\/users\/2"}],"replies":[{"embeddable":true,"href":"https:\/\/www.bpconsultancy.cz\/en\/wp-json\/wp\/v2\/comments?post=1811"}],"version-history":[{"count":34,"href":"https:\/\/www.bpconsultancy.cz\/en\/wp-json\/wp\/v2\/pages\/1811\/revisions"}],"predecessor-version":[{"id":2317,"href":"https:\/\/www.bpconsultancy.cz\/en\/wp-json\/wp\/v2\/pages\/1811\/revisions\/2317"}],"wp:featuredmedia":[{"embeddable":true,"href":"https:\/\/www.bpconsultancy.cz\/en\/wp-json\/wp\/v2\/media\/1449"}],"wp:attachment":[{"href":"https:\/\/www.bpconsultancy.cz\/en\/wp-json\/wp\/v2\/media?parent=1811"}],"curies":[{"name":"wp","href":"https:\/\/api.w.org\/{rel}","templated":true}]}}