{"id":1815,"date":"2022-02-13T20:23:59","date_gmt":"2022-02-13T19:23:59","guid":{"rendered":"https:\/\/www.bpconsultancy.cz\/project-management\/"},"modified":"2022-04-05T11:12:43","modified_gmt":"2022-04-05T09:12:43","slug":"project-management","status":"publish","type":"page","link":"https:\/\/www.bpconsultancy.cz\/en\/project-management\/","title":{"rendered":"Project Management"},"content":{"rendered":"\t\t<div data-elementor-type=\"wp-page\" data-elementor-id=\"1815\" class=\"elementor elementor-1815\" data-elementor-settings=\"[]\">\n\t\t\t\t\t\t\t<div class=\"elementor-section-wrap\">\n\t\t\t\t\t\t\t<section class=\"elementor-section elementor-top-section elementor-element elementor-element-6ad9d4b elementor-section-full_width elementor-section-height-min-height elementor-section-height-default elementor-section-items-middle\" data-id=\"6ad9d4b\" data-element_type=\"section\" data-settings=\"{&quot;background_background&quot;:&quot;classic&quot;}\">\n\t\t\t\t\t\t<div class=\"elementor-container elementor-column-gap-no\">\n\t\t\t\t\t<div class=\"elementor-column elementor-col-100 elementor-top-column elementor-element elementor-element-7cf409c\" data-id=\"7cf409c\" data-element_type=\"column\">\n\t\t\t<div class=\"elementor-widget-wrap\">\n\t\t\t\t\t\t\t\t\t<\/div>\n\t\t<\/div>\n\t\t\t\t\t\t\t<\/div>\n\t\t<\/section>\n\t\t\t\t<section class=\"elementor-section elementor-top-section elementor-element elementor-element-770edc36 elementor-section-boxed elementor-section-height-default elementor-section-height-default\" data-id=\"770edc36\" data-element_type=\"section\">\n\t\t\t\t\t\t<div class=\"elementor-container elementor-column-gap-wider\">\n\t\t\t\t\t<div class=\"elementor-column elementor-col-50 elementor-top-column elementor-element elementor-element-30ba093f\" data-id=\"30ba093f\" data-element_type=\"column\">\n\t\t\t<div class=\"elementor-widget-wrap elementor-element-populated\">\n\t\t\t\t\t\t\t\t<div class=\"elementor-element elementor-element-58e40684 elementor-widget elementor-widget-heading\" data-id=\"58e40684\" data-element_type=\"widget\" data-widget_type=\"heading.default\">\n\t\t\t\t<div class=\"elementor-widget-container\">\n\t\t\t<h1 class=\"elementor-heading-title elementor-size-default\">Project Management<\/h1>\t\t<\/div>\n\t\t\t\t<\/div>\n\t\t\t\t<div class=\"elementor-element elementor-element-7dff7e3e elementor-widget elementor-widget-text-editor\" data-id=\"7dff7e3e\" data-element_type=\"widget\" data-widget_type=\"text-editor.default\">\n\t\t\t\t<div class=\"elementor-widget-container\">\n\t\t\t\t\t\t\t<p><span class=\"VIiyi\" lang=\"en\"><span class=\"JLqJ4b ChMk0b\" data-language-for-alternatives=\"en\" data-language-to-translate-into=\"cs\" data-phrase-index=\"0\" data-number-of-phrases=\"26\">We offer comprehensive construction management from the land acquisition through the project preparation, procurement to commissioning or start of use.<\/span> <span class=\"JLqJ4b ChMk0b\" data-language-for-alternatives=\"en\" data-language-to-translate-into=\"cs\" data-phrase-index=\"1\" data-number-of-phrases=\"26\">In particular:<\/span><\/span><\/p>\n<p><span class=\"VIiyi\" lang=\"en\"><span class=\"JLqJ4b ChMk0b\" data-language-for-alternatives=\"en\" data-language-to-translate-into=\"cs\" data-phrase-index=\"3\" data-number-of-phrases=\"26\">&#8211; Design management<\/span><\/span><\/p>\n<p><span class=\"VIiyi\" lang=\"en\"><span class=\"JLqJ4b ChMk0b\" data-language-for-alternatives=\"en\" data-language-to-translate-into=\"cs\" data-phrase-index=\"5\" data-number-of-phrases=\"26\">&#8211; Securing all permits<\/span><\/span><\/p>\n<p><span class=\"VIiyi\" lang=\"en\"><span class=\"JLqJ4b ChMk0b\" data-language-for-alternatives=\"en\" data-language-to-translate-into=\"cs\" data-phrase-index=\"7\" data-number-of-phrases=\"26\">&#8211; Organization of the architectural tender<\/span><\/span><\/p>\n<p><span class=\"VIiyi\" lang=\"en\"><span class=\"JLqJ4b ChMk0b\" data-language-for-alternatives=\"en\" data-language-to-translate-into=\"cs\" data-phrase-index=\"9\" data-number-of-phrases=\"26\">&#8211; Preparation of the project schedule<\/span><\/span><\/p>\n<p><span class=\"VIiyi\" lang=\"en\"><span class=\"JLqJ4b ChMk0b\" data-language-for-alternatives=\"en\" data-language-to-translate-into=\"cs\" data-phrase-index=\"11\" data-number-of-phrases=\"26\">&#8211; Project team management<\/span><\/span><\/p>\n<p><span class=\"VIiyi\" lang=\"en\"><span class=\"JLqJ4b ChMk0b\" data-language-for-alternatives=\"en\" data-language-to-translate-into=\"cs\" data-phrase-index=\"13\" data-number-of-phrases=\"26\">&#8211; Organization of construction contractors<\/span> <span class=\"JLqJ4b ChMk0b\" data-language-for-alternatives=\"en\" data-language-to-translate-into=\"cs\" data-phrase-index=\"13\" data-number-of-phrases=\"26\">tenders<\/span><\/span><\/p>\n<p><span class=\"VIiyi\" lang=\"en\"><span class=\"JLqJ4b ChMk0b\" data-language-for-alternatives=\"en\" data-language-to-translate-into=\"cs\" data-phrase-index=\"15\" data-number-of-phrases=\"26\">&#8211; Cooperation during preparation of the Contract of Works<\/span><\/span><\/p>\n<p><span class=\"VIiyi\" lang=\"en\"><span class=\"JLqJ4b ChMk0b\" data-language-for-alternatives=\"en\" data-language-to-translate-into=\"cs\" data-phrase-index=\"17\" data-number-of-phrases=\"26\">&#8211; Client Technical Supervision<\/span><\/span><\/p>\n<p><span class=\"VIiyi\" lang=\"en\"><span class=\"JLqJ4b ChMk0b\" data-language-for-alternatives=\"en\" data-language-to-translate-into=\"cs\" data-phrase-index=\"19\" data-number-of-phrases=\"26\">&#8211; Coordination of the architect and the contractor<\/span><\/span><\/p>\n<p><span class=\"VIiyi\" lang=\"en\"><span class=\"JLqJ4b ChMk0b\" data-language-for-alternatives=\"en\" data-language-to-translate-into=\"cs\" data-phrase-index=\"21\" data-number-of-phrases=\"26\">&#8211; Construction progress control, including timeschedule<\/span><\/span><\/p>\n<p><span class=\"VIiyi\" lang=\"en\"><span class=\"JLqJ4b ChMk0b\" data-language-for-alternatives=\"en\" data-language-to-translate-into=\"cs\" data-phrase-index=\"23\" data-number-of-phrases=\"26\">&#8211; Coordination of 3rd parties<\/span><\/span><\/p>\n<p><span class=\"VIiyi\" lang=\"en\"><span class=\"JLqJ4b ChMk0b\" data-language-for-alternatives=\"en\" data-language-to-translate-into=\"cs\" data-phrase-index=\"25\" data-number-of-phrases=\"26\">&#8211; Management of the contractor<\/span><\/span><\/p>\n\t\t\t\t\t\t<\/div>\n\t\t\t\t<\/div>\n\t\t\t\t\t<\/div>\n\t\t<\/div>\n\t\t\t\t<div class=\"elementor-column elementor-col-50 elementor-top-column elementor-element elementor-element-ce27950\" data-id=\"ce27950\" data-element_type=\"column\" data-settings=\"{&quot;background_background&quot;:&quot;classic&quot;}\">\n\t\t\t<div class=\"elementor-widget-wrap elementor-element-populated\">\n\t\t\t\t\t\t\t\t<section class=\"elementor-section elementor-inner-section elementor-element elementor-element-72b548c elementor-section-boxed elementor-section-height-default elementor-section-height-default\" data-id=\"72b548c\" data-element_type=\"section\" data-settings=\"{&quot;background_background&quot;:&quot;classic&quot;}\">\n\t\t\t\t\t\t<div class=\"elementor-container elementor-column-gap-default\">\n\t\t\t\t\t<div class=\"elementor-column elementor-col-100 elementor-inner-column elementor-element elementor-element-369bdb1\" data-id=\"369bdb1\" data-element_type=\"column\">\n\t\t\t<div class=\"elementor-widget-wrap elementor-element-populated\">\n\t\t\t\t\t\t\t\t<div class=\"elementor-element elementor-element-034db48 elementor-widget elementor-widget-heading\" data-id=\"034db48\" data-element_type=\"widget\" data-widget_type=\"heading.default\">\n\t\t\t\t<div class=\"elementor-widget-container\">\n\t\t\t<h2 class=\"elementor-heading-title elementor-size-default\">Make an appointment with us <\/h2>\t\t<\/div>\n\t\t\t\t<\/div>\n\t\t\t\t<div class=\"elementor-element elementor-element-0099426 elementor-widget elementor-widget-text-editor\" data-id=\"0099426\" data-element_type=\"widget\" data-widget_type=\"text-editor.default\">\n\t\t\t\t<div class=\"elementor-widget-container\">\n\t\t\t\t\t\t\t<p><span class=\"VIiyi\" lang=\"en\"><span class=\"JLqJ4b ChMk0b\" data-language-for-alternatives=\"en\" data-language-to-translate-into=\"cs\" data-phrase-index=\"0\" data-number-of-phrases=\"1\">Contact us and we will personally discuss your needs.<\/span><\/span><\/p>\n\t\t\t\t\t\t<\/div>\n\t\t\t\t<\/div>\n\t\t\t\t<div class=\"elementor-element elementor-element-49ccee9 elementor-widget elementor-widget-image\" data-id=\"49ccee9\" data-element_type=\"widget\" data-widget_type=\"image.default\">\n\t\t\t\t<div class=\"elementor-widget-container\">\n\t\t\t\t\t\t\t\t\t\t\t\t\t\t\t\t<a href=\"https:\/\/www.bpconsultancy.cz\/en\/contact\/\">\n\t\t\t\t\t\t\t<img loading=\"lazy\" decoding=\"async\" width=\"56\" height=\"56\" src=\"https:\/\/www.bpconsultancy.cz\/wp-content\/uploads\/2021\/09\/button-2.png\" class=\"attachment-large size-large\" alt=\"\" \/>\t\t\t\t\t\t\t\t<\/a>\n\t\t\t\t\t\t\t\t\t\t\t\t\t\t\t<\/div>\n\t\t\t\t<\/div>\n\t\t\t\t\t<\/div>\n\t\t<\/div>\n\t\t\t\t\t\t\t<\/div>\n\t\t<\/section>\n\t\t\t\t\t<\/div>\n\t\t<\/div>\n\t\t\t\t\t\t\t<\/div>\n\t\t<\/section>\n\t\t\t\t<section class=\"elementor-section elementor-top-section elementor-element elementor-element-35ca089e elementor-section-height-min-height elementor-section-boxed elementor-section-height-default elementor-section-items-middle\" data-id=\"35ca089e\" data-element_type=\"section\">\n\t\t\t\t\t\t<div class=\"elementor-container elementor-column-gap-no\">\n\t\t\t\t\t<div class=\"elementor-column elementor-col-100 elementor-top-column elementor-element elementor-element-4ad76483\" data-id=\"4ad76483\" data-element_type=\"column\">\n\t\t\t<div class=\"elementor-widget-wrap elementor-element-populated\">\n\t\t\t\t\t\t\t\t<div class=\"elementor-element elementor-element-a2ae50f elementor-widget elementor-widget-heading\" data-id=\"a2ae50f\" data-element_type=\"widget\" data-widget_type=\"heading.default\">\n\t\t\t\t<div class=\"elementor-widget-container\">\n\t\t\t<h2 class=\"elementor-heading-title elementor-size-default\">Other Services<\/h2>\t\t<\/div>\n\t\t\t\t<\/div>\n\t\t\t\t\t<\/div>\n\t\t<\/div>\n\t\t\t\t\t\t\t<\/div>\n\t\t<\/section>\n\t\t\t\t<section class=\"elementor-section elementor-top-section elementor-element elementor-element-1f43542b elementor-section-boxed elementor-section-height-default elementor-section-height-default\" data-id=\"1f43542b\" data-element_type=\"section\">\n\t\t\t\t\t\t<div class=\"elementor-container elementor-column-gap-wide\">\n\t\t\t\t\t<div class=\"make-column-clickable-elementor elementor-column elementor-col-25 elementor-top-column elementor-element elementor-element-a4b9f3e\" style=\"cursor: pointer;\" data-column-clickable=\"https:\/\/www.bpconsultancy.cz\/en\/cost-management\/\" data-column-clickable-blank=\"_self\" data-id=\"a4b9f3e\" data-element_type=\"column\">\n\t\t\t<div class=\"elementor-widget-wrap elementor-element-populated\">\n\t\t\t\t\t\t\t\t<div class=\"elementor-element elementor-element-4ec0bac8 elementor-widget elementor-widget-heading\" data-id=\"4ec0bac8\" data-element_type=\"widget\" data-widget_type=\"heading.default\">\n\t\t\t\t<div class=\"elementor-widget-container\">\n\t\t\t<h2 class=\"elementor-heading-title elementor-size-default\">Cost Management<\/h2>\t\t<\/div>\n\t\t\t\t<\/div>\n\t\t\t\t<div class=\"elementor-element elementor-element-47a4b931 elementor-widget elementor-widget-image\" data-id=\"47a4b931\" data-element_type=\"widget\" data-widget_type=\"image.default\">\n\t\t\t\t<div class=\"elementor-widget-container\">\n\t\t\t\t\t\t\t\t\t\t\t\t\t\t\t\t<a href=\"https:\/\/www.bpconsultancy.cz\/en\/cost-management\/\">\n\t\t\t\t\t\t\t<img loading=\"lazy\" decoding=\"async\" width=\"56\" height=\"56\" src=\"https:\/\/www.bpconsultancy.cz\/wp-content\/uploads\/2021\/09\/button.png\" class=\"attachment-large size-large\" alt=\"\" \/>\t\t\t\t\t\t\t\t<\/a>\n\t\t\t\t\t\t\t\t\t\t\t\t\t\t\t<\/div>\n\t\t\t\t<\/div>\n\t\t\t\t\t<\/div>\n\t\t<\/div>\n\t\t\t\t<div class=\"elementor-column elementor-col-25 elementor-top-column elementor-element elementor-element-2d836eb5\" data-id=\"2d836eb5\" data-element_type=\"column\">\n\t\t\t<div class=\"elementor-widget-wrap elementor-element-populated\">\n\t\t\t\t\t\t\t\t<div class=\"elementor-element elementor-element-1cddff1a elementor-widget elementor-widget-heading\" data-id=\"1cddff1a\" data-element_type=\"widget\" data-widget_type=\"heading.default\">\n\t\t\t\t<div class=\"elementor-widget-container\">\n\t\t\t<h2 class=\"elementor-heading-title elementor-size-default\">Technical Supervision<\/h2>\t\t<\/div>\n\t\t\t\t<\/div>\n\t\t\t\t<div class=\"elementor-element elementor-element-5c86a19 elementor-widget elementor-widget-image\" data-id=\"5c86a19\" data-element_type=\"widget\" data-widget_type=\"image.default\">\n\t\t\t\t<div class=\"elementor-widget-container\">\n\t\t\t\t\t\t\t\t\t\t\t\t\t\t\t\t<a href=\"https:\/\/www.bpconsultancy.cz\/en\/technical-supervision\/\">\n\t\t\t\t\t\t\t<img loading=\"lazy\" decoding=\"async\" width=\"56\" height=\"56\" src=\"https:\/\/www.bpconsultancy.cz\/wp-content\/uploads\/2021\/09\/button.png\" class=\"attachment-large size-large\" alt=\"\" \/>\t\t\t\t\t\t\t\t<\/a>\n\t\t\t\t\t\t\t\t\t\t\t\t\t\t\t<\/div>\n\t\t\t\t<\/div>\n\t\t\t\t\t<\/div>\n\t\t<\/div>\n\t\t\t\t<div class=\"elementor-column elementor-col-25 elementor-top-column elementor-element elementor-element-675932b7\" data-id=\"675932b7\" data-element_type=\"column\">\n\t\t\t<div class=\"elementor-widget-wrap elementor-element-populated\">\n\t\t\t\t\t\t\t\t<div class=\"elementor-element elementor-element-1641104f elementor-widget elementor-widget-heading\" data-id=\"1641104f\" data-element_type=\"widget\" data-widget_type=\"heading.default\">\n\t\t\t\t<div class=\"elementor-widget-container\">\n\t\t\t<h2 class=\"elementor-heading-title elementor-size-default\">Health and Safety Coordinator<\/h2>\t\t<\/div>\n\t\t\t\t<\/div>\n\t\t\t\t<div class=\"elementor-element elementor-element-6b792f5f elementor-widget elementor-widget-image\" data-id=\"6b792f5f\" data-element_type=\"widget\" data-widget_type=\"image.default\">\n\t\t\t\t<div class=\"elementor-widget-container\">\n\t\t\t\t\t\t\t\t\t\t\t\t\t\t\t\t<a href=\"https:\/\/www.bpconsultancy.cz\/en\/health-and-safety-coordinator\/\">\n\t\t\t\t\t\t\t<img loading=\"lazy\" decoding=\"async\" width=\"56\" height=\"56\" src=\"https:\/\/www.bpconsultancy.cz\/wp-content\/uploads\/2021\/09\/button.png\" class=\"attachment-large size-large\" alt=\"\" \/>\t\t\t\t\t\t\t\t<\/a>\n\t\t\t\t\t\t\t\t\t\t\t\t\t\t\t<\/div>\n\t\t\t\t<\/div>\n\t\t\t\t\t<\/div>\n\t\t<\/div>\n\t\t\t\t<div class=\"elementor-column elementor-col-25 elementor-top-column elementor-element elementor-element-375105fd\" data-id=\"375105fd\" data-element_type=\"column\">\n\t\t\t<div class=\"elementor-widget-wrap elementor-element-populated\">\n\t\t\t\t\t\t\t\t<div class=\"elementor-element elementor-element-4b7ed551 elementor-widget elementor-widget-heading\" data-id=\"4b7ed551\" data-element_type=\"widget\" data-widget_type=\"heading.default\">\n\t\t\t\t<div class=\"elementor-widget-container\">\n\t\t\t<h2 class=\"elementor-heading-title elementor-size-default\">Apartments\/Houses Handovers\u200b<\/h2>\t\t<\/div>\n\t\t\t\t<\/div>\n\t\t\t\t<div class=\"elementor-element elementor-element-6f0ccf54 elementor-widget elementor-widget-image\" data-id=\"6f0ccf54\" data-element_type=\"widget\" data-widget_type=\"image.default\">\n\t\t\t\t<div class=\"elementor-widget-container\">\n\t\t\t\t\t\t\t\t\t\t\t\t\t\t\t\t<a href=\"https:\/\/www.bpconsultancy.cz\/en\/houses-apartments-handovers\/\">\n\t\t\t\t\t\t\t<img loading=\"lazy\" decoding=\"async\" width=\"56\" height=\"56\" src=\"https:\/\/www.bpconsultancy.cz\/wp-content\/uploads\/2021\/09\/button.png\" class=\"attachment-large size-large\" alt=\"\" \/>\t\t\t\t\t\t\t\t<\/a>\n\t\t\t\t\t\t\t\t\t\t\t\t\t\t\t<\/div>\n\t\t\t\t<\/div>\n\t\t\t\t\t<\/div>\n\t\t<\/div>\n\t\t\t\t\t\t\t<\/div>\n\t\t<\/section>\n\t\t\t\t\t\t<\/div>\n\t\t\t\t\t<\/div>\n\t\t","protected":false},"excerpt":{"rendered":"<p>Project Management We offer comprehensive construction management from the land acquisition through the project preparation, procurement to commissioning or start of use. In particular: &#8211; Design management &#8211; Securing all permits &#8211; Organization of the architectural tender &#8211; Preparation of the project schedule &#8211; Project team management &#8211; Organization of construction contractors tenders &#8211; Cooperation [&hellip;]<\/p>\n","protected":false},"author":2,"featured_media":0,"parent":0,"menu_order":0,"comment_status":"closed","ping_status":"closed","template":"elementor_header_footer","meta":{"footnotes":""},"class_list":["post-1815","page","type-page","status-publish","hentry"],"yoast_head":"<!-- This site is optimized with the Yoast SEO plugin v18.2 - https:\/\/yoast.com\/wordpress\/plugins\/seo\/ -->\n<title>Project Management - Building and Project Consultancy s.r.o.<\/title>\n<meta name=\"robots\" content=\"index, follow, max-snippet:-1, max-image-preview:large, max-video-preview:-1\" \/>\n<link rel=\"canonical\" href=\"https:\/\/www.bpconsultancy.cz\/en\/project-management\/\" \/>\n<meta property=\"og:locale\" content=\"en_US\" \/>\n<meta property=\"og:type\" content=\"article\" \/>\n<meta property=\"og:title\" content=\"Project Management - Building and Project Consultancy s.r.o.\" \/>\n<meta property=\"og:description\" content=\"Project Management We offer comprehensive construction management from the land acquisition through the project preparation, procurement to commissioning or start of use. In particular: &#8211; Design management &#8211; Securing all permits &#8211; Organization of the architectural tender &#8211; Preparation of the project schedule &#8211; Project team management &#8211; Organization of construction contractors tenders &#8211; Cooperation [&hellip;]\" \/>\n<meta property=\"og:url\" content=\"https:\/\/www.bpconsultancy.cz\/en\/project-management\/\" \/>\n<meta property=\"og:site_name\" content=\"Building and Project Consultancy s.r.o.\" \/>\n<meta property=\"article:modified_time\" content=\"2022-04-05T09:12:43+00:00\" \/>\n<meta property=\"og:image\" content=\"https:\/\/www.bpconsultancy.cz\/wp-content\/uploads\/2021\/09\/button-2.png\" \/>\n<meta name=\"twitter:card\" content=\"summary_large_image\" \/>\n<meta name=\"twitter:label1\" content=\"Est. reading time\" \/>\n\t<meta name=\"twitter:data1\" content=\"2 minutes\" \/>\n<script type=\"application\/ld+json\" class=\"yoast-schema-graph\">{\"@context\":\"https:\/\/schema.org\",\"@graph\":[{\"@type\":\"WebSite\",\"@id\":\"https:\/\/www.bpconsultancy.cz\/#website\",\"url\":\"https:\/\/www.bpconsultancy.cz\/\",\"name\":\"Building and Project Consultancy s.r.o.\",\"description\":\"Konzulta\u010dn\u00ed, in\u017een\u00fdrsk\u00e9 a mana\u017eersk\u00e9 slu\u017eby ve stavebnictv\u00ed\",\"potentialAction\":[{\"@type\":\"SearchAction\",\"target\":{\"@type\":\"EntryPoint\",\"urlTemplate\":\"https:\/\/www.bpconsultancy.cz\/?s={search_term_string}\"},\"query-input\":\"required name=search_term_string\"}],\"inLanguage\":\"en-US\"},{\"@type\":\"ImageObject\",\"@id\":\"https:\/\/www.bpconsultancy.cz\/en\/project-management\/#primaryimage\",\"inLanguage\":\"en-US\",\"url\":\"https:\/\/www.bpconsultancy.cz\/wp-content\/uploads\/2021\/09\/button-2.png\",\"contentUrl\":\"https:\/\/www.bpconsultancy.cz\/wp-content\/uploads\/2021\/09\/button-2.png\",\"width\":56,\"height\":56},{\"@type\":\"WebPage\",\"@id\":\"https:\/\/www.bpconsultancy.cz\/en\/project-management\/#webpage\",\"url\":\"https:\/\/www.bpconsultancy.cz\/en\/project-management\/\",\"name\":\"Project Management - Building and Project Consultancy s.r.o.\",\"isPartOf\":{\"@id\":\"https:\/\/www.bpconsultancy.cz\/#website\"},\"primaryImageOfPage\":{\"@id\":\"https:\/\/www.bpconsultancy.cz\/en\/project-management\/#primaryimage\"},\"datePublished\":\"2022-02-13T19:23:59+00:00\",\"dateModified\":\"2022-04-05T09:12:43+00:00\",\"breadcrumb\":{\"@id\":\"https:\/\/www.bpconsultancy.cz\/en\/project-management\/#breadcrumb\"},\"inLanguage\":\"en-US\",\"potentialAction\":[{\"@type\":\"ReadAction\",\"target\":[\"https:\/\/www.bpconsultancy.cz\/en\/project-management\/\"]}]},{\"@type\":\"BreadcrumbList\",\"@id\":\"https:\/\/www.bpconsultancy.cz\/en\/project-management\/#breadcrumb\",\"itemListElement\":[{\"@type\":\"ListItem\",\"position\":1,\"name\":\"Dom\u016f\",\"item\":\"https:\/\/www.bpconsultancy.cz\/\"},{\"@type\":\"ListItem\",\"position\":2,\"name\":\"Project Management\"}]}]}<\/script>\n<!-- \/ Yoast SEO plugin. -->","yoast_head_json":{"title":"Project Management - Building and Project Consultancy s.r.o.","robots":{"index":"index","follow":"follow","max-snippet":"max-snippet:-1","max-image-preview":"max-image-preview:large","max-video-preview":"max-video-preview:-1"},"canonical":"https:\/\/www.bpconsultancy.cz\/en\/project-management\/","og_locale":"en_US","og_type":"article","og_title":"Project Management - Building and Project Consultancy s.r.o.","og_description":"Project Management We offer comprehensive construction management from the land acquisition through the project preparation, procurement to commissioning or start of use. In particular: &#8211; Design management &#8211; Securing all permits &#8211; Organization of the architectural tender &#8211; Preparation of the project schedule &#8211; Project team management &#8211; Organization of construction contractors tenders &#8211; Cooperation [&hellip;]","og_url":"https:\/\/www.bpconsultancy.cz\/en\/project-management\/","og_site_name":"Building and Project Consultancy s.r.o.","article_modified_time":"2022-04-05T09:12:43+00:00","og_image":[{"url":"https:\/\/www.bpconsultancy.cz\/wp-content\/uploads\/2021\/09\/button-2.png"}],"twitter_card":"summary_large_image","twitter_misc":{"Est. reading time":"2 minutes"},"schema":{"@context":"https:\/\/schema.org","@graph":[{"@type":"WebSite","@id":"https:\/\/www.bpconsultancy.cz\/#website","url":"https:\/\/www.bpconsultancy.cz\/","name":"Building and Project Consultancy s.r.o.","description":"Konzulta\u010dn\u00ed, in\u017een\u00fdrsk\u00e9 a mana\u017eersk\u00e9 slu\u017eby ve stavebnictv\u00ed","potentialAction":[{"@type":"SearchAction","target":{"@type":"EntryPoint","urlTemplate":"https:\/\/www.bpconsultancy.cz\/?s={search_term_string}"},"query-input":"required name=search_term_string"}],"inLanguage":"en-US"},{"@type":"ImageObject","@id":"https:\/\/www.bpconsultancy.cz\/en\/project-management\/#primaryimage","inLanguage":"en-US","url":"https:\/\/www.bpconsultancy.cz\/wp-content\/uploads\/2021\/09\/button-2.png","contentUrl":"https:\/\/www.bpconsultancy.cz\/wp-content\/uploads\/2021\/09\/button-2.png","width":56,"height":56},{"@type":"WebPage","@id":"https:\/\/www.bpconsultancy.cz\/en\/project-management\/#webpage","url":"https:\/\/www.bpconsultancy.cz\/en\/project-management\/","name":"Project Management - Building and Project Consultancy s.r.o.","isPartOf":{"@id":"https:\/\/www.bpconsultancy.cz\/#website"},"primaryImageOfPage":{"@id":"https:\/\/www.bpconsultancy.cz\/en\/project-management\/#primaryimage"},"datePublished":"2022-02-13T19:23:59+00:00","dateModified":"2022-04-05T09:12:43+00:00","breadcrumb":{"@id":"https:\/\/www.bpconsultancy.cz\/en\/project-management\/#breadcrumb"},"inLanguage":"en-US","potentialAction":[{"@type":"ReadAction","target":["https:\/\/www.bpconsultancy.cz\/en\/project-management\/"]}]},{"@type":"BreadcrumbList","@id":"https:\/\/www.bpconsultancy.cz\/en\/project-management\/#breadcrumb","itemListElement":[{"@type":"ListItem","position":1,"name":"Dom\u016f","item":"https:\/\/www.bpconsultancy.cz\/"},{"@type":"ListItem","position":2,"name":"Project Management"}]}]}},"_links":{"self":[{"href":"https:\/\/www.bpconsultancy.cz\/en\/wp-json\/wp\/v2\/pages\/1815","targetHints":{"allow":["GET"]}}],"collection":[{"href":"https:\/\/www.bpconsultancy.cz\/en\/wp-json\/wp\/v2\/pages"}],"about":[{"href":"https:\/\/www.bpconsultancy.cz\/en\/wp-json\/wp\/v2\/types\/page"}],"author":[{"embeddable":true,"href":"https:\/\/www.bpconsultancy.cz\/en\/wp-json\/wp\/v2\/users\/2"}],"replies":[{"embeddable":true,"href":"https:\/\/www.bpconsultancy.cz\/en\/wp-json\/wp\/v2\/comments?post=1815"}],"version-history":[{"count":21,"href":"https:\/\/www.bpconsultancy.cz\/en\/wp-json\/wp\/v2\/pages\/1815\/revisions"}],"predecessor-version":[{"id":2311,"href":"https:\/\/www.bpconsultancy.cz\/en\/wp-json\/wp\/v2\/pages\/1815\/revisions\/2311"}],"wp:attachment":[{"href":"https:\/\/www.bpconsultancy.cz\/en\/wp-json\/wp\/v2\/media?parent=1815"}],"curies":[{"name":"wp","href":"https:\/\/api.w.org\/{rel}","templated":true}]}}